{"id":568,"date":"2026-01-14T17:42:44","date_gmt":"2026-01-14T16:42:44","guid":{"rendered":"https:\/\/eshop.stanicepavlov.cz\/?post_type=product&#038;p=568"},"modified":"2026-01-14T19:09:52","modified_gmt":"2026-01-14T18:09:52","slug":"rodinny-planovaci-kalendar-2026-vyprodej","status":"publish","type":"product","link":"https:\/\/eshop.stanicepavlov.cz\/?product=rodinny-planovaci-kalendar-2026-vyprodej","title":{"rendered":"Rodinn\u00fd pl\u00e1novac\u00ed kalend\u00e1\u0159 2026 &#8211; V\u00ddPRODEJ"},"content":{"rendered":"<p>Rodinn\u00fd pl\u00e1novac\u00ed kalend\u00e1\u0159 pro 5 osob. Kalend\u00e1\u0159 z d\u00edlny na\u0161\u00ed stanice, vyroben\u00fd ve Sv\u011btl\u00e9 nad S\u00e1zavou by <a href=\"https:\/\/www.popyreklama.cz\/\">Popy reklama<\/a>. Bu\u010fte cel\u00fd rok v obraze, kolik\u00e1t\u00e9ho vlastn\u011b je, co ka\u017ed\u00e9ho z v\u00e1s kter\u00fd den \u010dek\u00e1, a t\u011b\u0161te se z momentek zv\u00ed\u0159at zachycen\u00fdch na\u0161\u00edm fotografem <a href=\"https:\/\/www.facebook.com\/fotoloskot.cz\">Jaroslavem Loskotem<\/a>.<\/p>\n<div>Form\u00e1t A3 na v\u00fd\u0161ku<\/div>\n","protected":false},"excerpt":{"rendered":"<p>Rodinn\u00fd pl\u00e1novac\u00ed kalend\u00e1\u0159 pro 5 osob. Kalend\u00e1\u0159 z d\u00edlny na\u0161\u00ed stanice, vyroben\u00fd ve Sv\u011btl\u00e9 nad S\u00e1zavou by Popy reklama. Bu\u010fte cel\u00fd rok v obraze, kolik\u00e1t\u00e9ho vlastn\u011b je, co ka\u017ed\u00e9ho z v\u00e1s kter\u00fd den \u010dek\u00e1, a t\u011b\u0161te se z momentek zv\u00ed\u0159at zachycen\u00fdch na\u0161\u00edm fotografem Jaroslavem Loskotem. Form\u00e1t A3 na v\u00fd\u0161ku<\/p>\n","protected":false},"featured_media":283,"comment_status":"open","ping_status":"closed","template":"","meta":[],"product_brand":[],"product_cat":[15],"product_tag":[],"class_list":{"0":"post-568","1":"product","2":"type-product","3":"status-publish","4":"has-post-thumbnail","6":"product_cat-nezarazene","8":"first","9":"instock","10":"sale","11":"shipping-taxable","12":"purchasable","13":"product-type-simple"},"_links":{"self":[{"href":"https:\/\/eshop.stanicepavlov.cz\/index.php?rest_route=\/wp\/v2\/product\/568","targetHints":{"allow":["GET"]}}],"collection":[{"href":"https:\/\/eshop.stanicepavlov.cz\/index.php?rest_route=\/wp\/v2\/product"}],"about":[{"href":"https:\/\/eshop.stanicepavlov.cz\/index.php?rest_route=\/wp\/v2\/types\/product"}],"replies":[{"embeddable":true,"href":"https:\/\/eshop.stanicepavlov.cz\/index.php?rest_route=%2Fwp%2Fv2%2Fcomments&post=568"}],"wp:featuredmedia":[{"embeddable":true,"href":"https:\/\/eshop.stanicepavlov.cz\/index.php?rest_route=\/wp\/v2\/media\/283"}],"wp:attachment":[{"href":"https:\/\/eshop.stanicepavlov.cz\/index.php?rest_route=%2Fwp%2Fv2%2Fmedia&parent=568"}],"wp:term":[{"taxonomy":"product_brand","embeddable":true,"href":"https:\/\/eshop.stanicepavlov.cz\/index.php?rest_route=%2Fwp%2Fv2%2Fproduct_brand&post=568"},{"taxonomy":"product_cat","embeddable":true,"href":"https:\/\/eshop.stanicepavlov.cz\/index.php?rest_route=%2Fwp%2Fv2%2Fproduct_cat&post=568"},{"taxonomy":"product_tag","embeddable":true,"href":"https:\/\/eshop.stanicepavlov.cz\/index.php?rest_route=%2Fwp%2Fv2%2Fproduct_tag&post=568"}],"curies":[{"name":"wp","href":"https:\/\/api.w.org\/{rel}","templated":true}]}}