{"id":479,"date":"2025-11-22T17:11:37","date_gmt":"2025-11-22T16:11:37","guid":{"rendered":"https:\/\/eshop.stanicepavlov.cz\/?post_type=product&#038;p=479"},"modified":"2025-12-04T20:32:58","modified_gmt":"2025-12-04T19:32:58","slug":"hackovane-kulate-kosiky-souprava-3-ks","status":"publish","type":"product","link":"https:\/\/eshop.stanicepavlov.cz\/?product=hackovane-kulate-kosiky-souprava-3-ks","title":{"rendered":"H\u00e1\u010dkovan\u00e9 kulat\u00e9 ko\u0161\u00edky &#8211; souprava 3 ks"},"content":{"rendered":"<p>Ru\u010dn\u011b h\u00e1\u010dkovan\u00e9 kulat\u00e9\u00a0 ko\u0161\u00edky mohou slou\u017eit dle va\u0161\u00ed fantazie t\u00e9m\u011b\u0159 v cel\u00e9m va\u0161em domov\u011b.<\/p>\n<p><strong>Vnit\u0159n\u00ed pr\u016fm\u011br 1 ko\u0161\u00edku: <\/strong>cca 9 cm<br \/>\n<strong>V\u00fd\u0161ka: <\/strong>cca 7,5 cm<\/p>\n<p><strong>Vnit\u0159n\u00ed pr\u016fm\u011br 2 ko\u0161\u00edku: <\/strong>cca 9,5 cm<br \/>\n<strong>V\u00fd\u0161ka: <\/strong>cca 8,5 cm<\/p>\n<p><strong>Vnit\u0159n\u00ed pr\u016fm\u011br 3 ko\u0161\u00edku: <\/strong>cca 13 cm<br \/>\n<strong>V\u00fd\u0161ka: <\/strong>cca 6,5 cm<\/p>\n<p>P\u0159ekli\u017ekov\u00e9 dno m\u00e1 3 mm.<\/p>\n<p>Barevn\u00e9 proveden\u00ed v\u00fdrobku m\u016f\u017ee b\u00fdt nepatrn\u011b odli\u0161n\u00e9<\/p>\n<p><strong><br \/>\nTento v\u00fdrobek je dekorativn\u00ed p\u0159edm\u011bt,\u00a0nejedn\u00e1 se o hra\u010dku. Nen\u00ed ur\u010den pro d\u011bti, zejm\u00e9na pro\u00a0mal\u00e9 d\u011bti do 3 let\u00a0\u2013\u00a0 nen\u00ed ur\u010den ke hran\u00ed.<br \/>\n<\/strong><\/p>\n","protected":false},"excerpt":{"rendered":"<p>Ru\u010dn\u011b h\u00e1\u010dkovan\u00e9 kulat\u00e9\u00a0 ko\u0161\u00edky mohou slou\u017eit dle va\u0161\u00ed fantazie t\u00e9m\u011b\u0159 v cel\u00e9m va\u0161em domov\u011b. Vnit\u0159n\u00ed pr\u016fm\u011br 1 ko\u0161\u00edku: cca 9 cm V\u00fd\u0161ka: cca 7,5 cm Vnit\u0159n\u00ed pr\u016fm\u011br 2 ko\u0161\u00edku: cca 9,5 cm V\u00fd\u0161ka: cca 8,5 cm Vnit\u0159n\u00ed pr\u016fm\u011br 3 ko\u0161\u00edku: cca 13 cm V\u00fd\u0161ka: cca 6,5 cm P\u0159ekli\u017ekov\u00e9 dno m\u00e1 3 mm. Barevn\u00e9 proveden\u00ed v\u00fdrobku [&hellip;]<\/p>\n","protected":false},"featured_media":476,"comment_status":"open","ping_status":"closed","template":"","meta":[],"product_brand":[],"product_cat":[15],"product_tag":[],"class_list":{"0":"post-479","1":"product","2":"type-product","3":"status-publish","4":"has-post-thumbnail","6":"product_cat-nezarazene","8":"first","9":"instock","10":"shipping-taxable","11":"purchasable","12":"product-type-simple"},"_links":{"self":[{"href":"https:\/\/eshop.stanicepavlov.cz\/index.php?rest_route=\/wp\/v2\/product\/479","targetHints":{"allow":["GET"]}}],"collection":[{"href":"https:\/\/eshop.stanicepavlov.cz\/index.php?rest_route=\/wp\/v2\/product"}],"about":[{"href":"https:\/\/eshop.stanicepavlov.cz\/index.php?rest_route=\/wp\/v2\/types\/product"}],"replies":[{"embeddable":true,"href":"https:\/\/eshop.stanicepavlov.cz\/index.php?rest_route=%2Fwp%2Fv2%2Fcomments&post=479"}],"wp:featuredmedia":[{"embeddable":true,"href":"https:\/\/eshop.stanicepavlov.cz\/index.php?rest_route=\/wp\/v2\/media\/476"}],"wp:attachment":[{"href":"https:\/\/eshop.stanicepavlov.cz\/index.php?rest_route=%2Fwp%2Fv2%2Fmedia&parent=479"}],"wp:term":[{"taxonomy":"product_brand","embeddable":true,"href":"https:\/\/eshop.stanicepavlov.cz\/index.php?rest_route=%2Fwp%2Fv2%2Fproduct_brand&post=479"},{"taxonomy":"product_cat","embeddable":true,"href":"https:\/\/eshop.stanicepavlov.cz\/index.php?rest_route=%2Fwp%2Fv2%2Fproduct_cat&post=479"},{"taxonomy":"product_tag","embeddable":true,"href":"https:\/\/eshop.stanicepavlov.cz\/index.php?rest_route=%2Fwp%2Fv2%2Fproduct_tag&post=479"}],"curies":[{"name":"wp","href":"https:\/\/api.w.org\/{rel}","templated":true}]}}