{"id":375,"date":"2025-11-13T13:03:14","date_gmt":"2025-11-13T12:03:14","guid":{"rendered":"https:\/\/eshop.stanicepavlov.cz\/?post_type=product&#038;p=375"},"modified":"2025-12-27T23:02:00","modified_gmt":"2025-12-27T22:02:00","slug":"zapisnik","status":"publish","type":"product","link":"https:\/\/eshop.stanicepavlov.cz\/?product=zapisnik","title":{"rendered":"Z\u00e1pisn\u00edk"},"content":{"rendered":"<p>Dekorativn\u00ed p\u0159edm\u011bt.<\/p>\n<p>Materi\u00e1l: p\u0159ekli\u017eka o s\u00edle 3 mm.<br \/>\nVelikost: cca 11,0 cm \u00d7 9,5 cm.<\/p>\n<p>Barva: P\u0159\u00edrodn\u00ed sv\u011btl\u00e9 d\u0159evo.<br \/>\nMotiv: grav\u00edrovan\u00ed.<\/p>\n<p><strong data-start=\"121\" data-end=\"136\">Upozorn\u011bn\u00ed:<\/strong>\u00a0Tento v\u00fdrobek je dekorativn\u00ed p\u0159edm\u011bt,\u00a0<strong data-start=\"175\" data-end=\"198\">nejedn\u00e1 se o hra\u010dku<\/strong>. Nen\u00ed ur\u010den pro d\u011bti, zejm\u00e9na pro\u00a0<strong data-start=\"233\" data-end=\"255\">mal\u00e9 d\u011bti do 3 let<\/strong>\u00a0\u2013\u00a0 nen\u00ed ur\u010den ke hran\u00ed.<\/p>\n","protected":false},"excerpt":{"rendered":"<p>Dekorativn\u00ed p\u0159edm\u011bt. Materi\u00e1l: p\u0159ekli\u017eka o s\u00edle 3 mm. Velikost: cca 11,0 cm \u00d7 9,5 cm. Barva: P\u0159\u00edrodn\u00ed sv\u011btl\u00e9 d\u0159evo. Motiv: grav\u00edrovan\u00ed. Upozorn\u011bn\u00ed:\u00a0Tento v\u00fdrobek je dekorativn\u00ed p\u0159edm\u011bt,\u00a0nejedn\u00e1 se o hra\u010dku. Nen\u00ed ur\u010den pro d\u011bti, zejm\u00e9na pro\u00a0mal\u00e9 d\u011bti do 3 let\u00a0\u2013\u00a0 nen\u00ed ur\u010den ke hran\u00ed.<\/p>\n","protected":false},"featured_media":352,"comment_status":"open","ping_status":"closed","template":"","meta":[],"product_brand":[],"product_cat":[15],"product_tag":[],"class_list":{"0":"post-375","1":"product","2":"type-product","3":"status-publish","4":"has-post-thumbnail","6":"product_cat-nezarazene","8":"first","9":"instock","10":"shipping-taxable","11":"purchasable","12":"product-type-variable"},"_links":{"self":[{"href":"https:\/\/eshop.stanicepavlov.cz\/index.php?rest_route=\/wp\/v2\/product\/375","targetHints":{"allow":["GET"]}}],"collection":[{"href":"https:\/\/eshop.stanicepavlov.cz\/index.php?rest_route=\/wp\/v2\/product"}],"about":[{"href":"https:\/\/eshop.stanicepavlov.cz\/index.php?rest_route=\/wp\/v2\/types\/product"}],"replies":[{"embeddable":true,"href":"https:\/\/eshop.stanicepavlov.cz\/index.php?rest_route=%2Fwp%2Fv2%2Fcomments&post=375"}],"wp:featuredmedia":[{"embeddable":true,"href":"https:\/\/eshop.stanicepavlov.cz\/index.php?rest_route=\/wp\/v2\/media\/352"}],"wp:attachment":[{"href":"https:\/\/eshop.stanicepavlov.cz\/index.php?rest_route=%2Fwp%2Fv2%2Fmedia&parent=375"}],"wp:term":[{"taxonomy":"product_brand","embeddable":true,"href":"https:\/\/eshop.stanicepavlov.cz\/index.php?rest_route=%2Fwp%2Fv2%2Fproduct_brand&post=375"},{"taxonomy":"product_cat","embeddable":true,"href":"https:\/\/eshop.stanicepavlov.cz\/index.php?rest_route=%2Fwp%2Fv2%2Fproduct_cat&post=375"},{"taxonomy":"product_tag","embeddable":true,"href":"https:\/\/eshop.stanicepavlov.cz\/index.php?rest_route=%2Fwp%2Fv2%2Fproduct_tag&post=375"}],"curies":[{"name":"wp","href":"https:\/\/api.w.org\/{rel}","templated":true}]}}