{"id":359,"date":"2025-11-13T12:45:17","date_gmt":"2025-11-13T11:45:17","guid":{"rendered":"https:\/\/eshop.stanicepavlov.cz\/?post_type=product&#038;p=359"},"modified":"2025-12-12T18:09:10","modified_gmt":"2025-12-12T17:09:10","slug":"magnetka","status":"publish","type":"product","link":"https:\/\/eshop.stanicepavlov.cz\/?product=magnetka","title":{"rendered":"Magnetka"},"content":{"rendered":"<p>Dekorativn\u00ed p\u0159edm\u011bt.<\/p>\n<p>Materi\u00e1l: p\u0159ekli\u017eka o s\u00edle 3 mm + magnet na zadn\u00ed stran\u011b.<br \/>\nVelikost: cca 7,0 cm \u00d7 6,5 cm.<\/p>\n<p>Barva: P\u0159\u00edrodn\u00ed sv\u011btl\u00e9 d\u0159evo.<br \/>\nMotiv: grav\u00edrovan\u00ed.<\/p>\n<p><strong data-start=\"121\" data-end=\"136\">Upozorn\u011bn\u00ed:<\/strong> Tento v\u00fdrobek je dekorativn\u00ed p\u0159edm\u011bt, <strong data-start=\"175\" data-end=\"198\">nejedn\u00e1 se o hra\u010dku<\/strong>. Nen\u00ed ur\u010den pro d\u011bti, zejm\u00e9na pro <strong data-start=\"233\" data-end=\"255\">mal\u00e9 d\u011bti do 3 let<\/strong> \u2013\u00a0 nen\u00ed ur\u010den ke hran\u00ed.<\/p>\n","protected":false},"excerpt":{"rendered":"<p>Dekorativn\u00ed p\u0159edm\u011bt. Materi\u00e1l: p\u0159ekli\u017eka o s\u00edle 3 mm + magnet na zadn\u00ed stran\u011b. Velikost: cca 7,0 cm \u00d7 6,5 cm. Barva: P\u0159\u00edrodn\u00ed sv\u011btl\u00e9 d\u0159evo. Motiv: grav\u00edrovan\u00ed. Upozorn\u011bn\u00ed: Tento v\u00fdrobek je dekorativn\u00ed p\u0159edm\u011bt, nejedn\u00e1 se o hra\u010dku. Nen\u00ed ur\u010den pro d\u011bti, zejm\u00e9na pro mal\u00e9 d\u011bti do 3 let \u2013\u00a0 nen\u00ed ur\u010den ke hran\u00ed.<\/p>\n","protected":false},"featured_media":368,"comment_status":"open","ping_status":"closed","template":"","meta":[],"product_brand":[],"product_cat":[15],"product_tag":[],"class_list":{"0":"post-359","1":"product","2":"type-product","3":"status-publish","4":"has-post-thumbnail","6":"product_cat-nezarazene","8":"first","9":"instock","10":"shipping-taxable","11":"purchasable","12":"product-type-variable"},"_links":{"self":[{"href":"https:\/\/eshop.stanicepavlov.cz\/index.php?rest_route=\/wp\/v2\/product\/359","targetHints":{"allow":["GET"]}}],"collection":[{"href":"https:\/\/eshop.stanicepavlov.cz\/index.php?rest_route=\/wp\/v2\/product"}],"about":[{"href":"https:\/\/eshop.stanicepavlov.cz\/index.php?rest_route=\/wp\/v2\/types\/product"}],"replies":[{"embeddable":true,"href":"https:\/\/eshop.stanicepavlov.cz\/index.php?rest_route=%2Fwp%2Fv2%2Fcomments&post=359"}],"wp:featuredmedia":[{"embeddable":true,"href":"https:\/\/eshop.stanicepavlov.cz\/index.php?rest_route=\/wp\/v2\/media\/368"}],"wp:attachment":[{"href":"https:\/\/eshop.stanicepavlov.cz\/index.php?rest_route=%2Fwp%2Fv2%2Fmedia&parent=359"}],"wp:term":[{"taxonomy":"product_brand","embeddable":true,"href":"https:\/\/eshop.stanicepavlov.cz\/index.php?rest_route=%2Fwp%2Fv2%2Fproduct_brand&post=359"},{"taxonomy":"product_cat","embeddable":true,"href":"https:\/\/eshop.stanicepavlov.cz\/index.php?rest_route=%2Fwp%2Fv2%2Fproduct_cat&post=359"},{"taxonomy":"product_tag","embeddable":true,"href":"https:\/\/eshop.stanicepavlov.cz\/index.php?rest_route=%2Fwp%2Fv2%2Fproduct_tag&post=359"}],"curies":[{"name":"wp","href":"https:\/\/api.w.org\/{rel}","templated":true}]}}