{"id":317,"date":"2025-11-11T22:20:13","date_gmt":"2025-11-11T21:20:13","guid":{"rendered":"https:\/\/eshop.stanicepavlov.cz\/?post_type=product&#038;p=317"},"modified":"2025-12-14T23:01:14","modified_gmt":"2025-12-14T22:01:14","slug":"pexeso-vydra","status":"publish","type":"product","link":"https:\/\/eshop.stanicepavlov.cz\/?product=pexeso-vydra","title":{"rendered":"Pexeso &#8211; vydra \u0159\u00ed\u010dn\u00ed"},"content":{"rendered":"<div>\n<p>Pexeso z d\u00edlny na\u0161\u00ed stanice. T\u011b\u0161te se z momentek zv\u00ed\u0159at zachycen\u00fdch na\u0161\u00edm fotografem\u00a0<a href=\"https:\/\/www.facebook.com\/fotoloskot.cz\">Jaroslavem Loskotem<\/a>.<\/p>\n<div><\/div>\n<\/div>\n<div><b>Pexeso<\/b>\u00a0je\u00a0<a title=\"Karetn\u00ed hra\" href=\"https:\/\/cs.wikipedia.org\/wiki\/Karetn%C3%AD_hra\" target=\"_blank\" rel=\"noopener\" data-saferedirecturl=\"https:\/\/www.google.com\/url?q=https:\/\/cs.wikipedia.org\/wiki\/Karetn%25C3%25AD_hra&amp;source=gmail&amp;ust=1762539742085000&amp;usg=AOvVaw3BckC3VrcLHXo71OPHyHjU\">karetn\u00ed hra<\/a>\u00a0pro nejm\u00e9n\u011b dva hr\u00e1\u010de zam\u011b\u0159en\u00e1 na pam\u011b\u0165 a soust\u0159ed\u011bn\u00ed.<\/div>\n<div>Hraje se se speci\u00e1ln\u00ed sadou karet. Bal\u00ed\u010dek se skl\u00e1d\u00e1 ze sud\u00e9ho po\u010dtu, kter\u00e9 tvo\u0159\u00ed dvojice. C\u00edlem hry je nal\u00e9zt co nejv\u00edce dvojic.<\/div>\n<div>Karty se zam\u00edchaj\u00ed a rozlo\u017e\u00ed\u00a0<a title=\"Avers a revers\" href=\"https:\/\/cs.wikipedia.org\/wiki\/Avers_a_revers\" target=\"_blank\" rel=\"noopener\" data-saferedirecturl=\"https:\/\/www.google.com\/url?q=https:\/\/cs.wikipedia.org\/wiki\/Avers_a_revers&amp;source=gmail&amp;ust=1762539742085000&amp;usg=AOvVaw3ucELH6zWdqcsJ_1DJjMAI\">l\u00edcem<\/a>\u00a0dol\u016f tak, aby \u017e\u00e1dn\u00fd z hr\u00e1\u010d\u016f neznal rozlo\u017een\u00ed karet. Hr\u00e1\u010di postupn\u011b ot\u00e1\u010d\u00ed dvojici karet l\u00edcem vzh\u016fru, aby je vid\u011bli i ostatn\u00ed hr\u00e1\u010di. Pokud karty pat\u0159\u00ed k sob\u011b (stejn\u00fd obr\u00e1zek), hr\u00e1\u010d je odebere a ot\u00e1\u010d\u00ed dal\u0161\u00ed dvojici (lze hr\u00e1t i variantu, ve kter\u00e9 i po nalezen\u00ed shodn\u00e9 dvojice pokra\u010duje dal\u0161\u00ed hr\u00e1\u010d v po\u0159ad\u00ed). Pokud karty k sob\u011b nepat\u0159\u00ed, oto\u010d\u00ed je zp\u011bt l\u00edcem dol\u016f a pokra\u010duje dal\u0161\u00ed hr\u00e1\u010d v po\u0159ad\u00ed. Hraje se tak dlouho, dokud nejsou v\u0161echny karty rozebr\u00e1ny. V\u00edt\u011bzem se stane hr\u00e1\u010d s nejv\u011bt\u0161\u00edm po\u010dtem nalezen\u00fdch dvojic.<\/div>\n<div>21 p\u00e1r\u016f &#8211; 42 karet<\/div>\n","protected":false},"excerpt":{"rendered":"<p>Pexeso z d\u00edlny na\u0161\u00ed stanice. T\u011b\u0161te se z momentek zv\u00ed\u0159at zachycen\u00fdch na\u0161\u00edm fotografem\u00a0Jaroslavem Loskotem. Pexeso\u00a0je\u00a0karetn\u00ed hra\u00a0pro nejm\u00e9n\u011b dva hr\u00e1\u010de zam\u011b\u0159en\u00e1 na pam\u011b\u0165 a soust\u0159ed\u011bn\u00ed. Hraje se se speci\u00e1ln\u00ed sadou karet. Bal\u00ed\u010dek se skl\u00e1d\u00e1 ze sud\u00e9ho po\u010dtu, kter\u00e9 tvo\u0159\u00ed dvojice. C\u00edlem hry je nal\u00e9zt co nejv\u00edce dvojic. Karty se zam\u00edchaj\u00ed a rozlo\u017e\u00ed\u00a0l\u00edcem\u00a0dol\u016f tak, aby \u017e\u00e1dn\u00fd z [&hellip;]<\/p>\n","protected":false},"featured_media":310,"comment_status":"open","ping_status":"closed","template":"","meta":[],"product_brand":[],"product_cat":[15],"product_tag":[],"class_list":{"0":"post-317","1":"product","2":"type-product","3":"status-publish","4":"has-post-thumbnail","6":"product_cat-nezarazene","8":"first","9":"instock","10":"shipping-taxable","11":"purchasable","12":"product-type-simple"},"_links":{"self":[{"href":"https:\/\/eshop.stanicepavlov.cz\/index.php?rest_route=\/wp\/v2\/product\/317","targetHints":{"allow":["GET"]}}],"collection":[{"href":"https:\/\/eshop.stanicepavlov.cz\/index.php?rest_route=\/wp\/v2\/product"}],"about":[{"href":"https:\/\/eshop.stanicepavlov.cz\/index.php?rest_route=\/wp\/v2\/types\/product"}],"replies":[{"embeddable":true,"href":"https:\/\/eshop.stanicepavlov.cz\/index.php?rest_route=%2Fwp%2Fv2%2Fcomments&post=317"}],"wp:featuredmedia":[{"embeddable":true,"href":"https:\/\/eshop.stanicepavlov.cz\/index.php?rest_route=\/wp\/v2\/media\/310"}],"wp:attachment":[{"href":"https:\/\/eshop.stanicepavlov.cz\/index.php?rest_route=%2Fwp%2Fv2%2Fmedia&parent=317"}],"wp:term":[{"taxonomy":"product_brand","embeddable":true,"href":"https:\/\/eshop.stanicepavlov.cz\/index.php?rest_route=%2Fwp%2Fv2%2Fproduct_brand&post=317"},{"taxonomy":"product_cat","embeddable":true,"href":"https:\/\/eshop.stanicepavlov.cz\/index.php?rest_route=%2Fwp%2Fv2%2Fproduct_cat&post=317"},{"taxonomy":"product_tag","embeddable":true,"href":"https:\/\/eshop.stanicepavlov.cz\/index.php?rest_route=%2Fwp%2Fv2%2Fproduct_tag&post=317"}],"curies":[{"name":"wp","href":"https:\/\/api.w.org\/{rel}","templated":true}]}}