{"id":274,"date":"2025-11-13T00:48:28","date_gmt":"2025-11-12T23:48:28","guid":{"rendered":"https:\/\/eshop.stanicepavlov.cz\/?post_type=product&#038;p=274"},"modified":"2026-01-14T18:01:36","modified_gmt":"2026-01-14T17:01:36","slug":"kalendar-2026","status":"publish","type":"product","link":"https:\/\/eshop.stanicepavlov.cz\/?product=kalendar-2026","title":{"rendered":"N\u00e1st\u011bnn\u00fd kalend\u00e1\u0159 2026 &#8211; vyprod\u00e1no"},"content":{"rendered":"<p>Kalend\u00e1\u0159 z d\u00edlny na\u0161\u00ed stanice, vyroben\u00fd ve Sv\u011btl\u00e9 nad S\u00e1zavou by\u00a0<a href=\"https:\/\/www.popyreklama.cz\/\">Popy reklama<\/a>. Bu\u010fte cel\u00fd rok v obraze, kolik\u00e1t\u00e9ho vlastn\u011b je, a t\u011b\u0161te se z momentek zv\u00ed\u0159at zachycen\u00fdch na\u0161\u00edm fotografem\u00a0<a href=\"https:\/\/www.facebook.com\/fotoloskot.cz\">Jaroslavem Loskotem<\/a>.<\/p>\n<div>Form\u00e1t A3 na \u0161\u00ed\u0159ku<\/div>\n","protected":false},"excerpt":{"rendered":"<p>Kalend\u00e1\u0159 z d\u00edlny na\u0161\u00ed stanice, vyroben\u00fd ve Sv\u011btl\u00e9 nad S\u00e1zavou by\u00a0Popy reklama. Bu\u010fte cel\u00fd rok v obraze, kolik\u00e1t\u00e9ho vlastn\u011b je, a t\u011b\u0161te se z momentek zv\u00ed\u0159at zachycen\u00fdch na\u0161\u00edm fotografem\u00a0Jaroslavem Loskotem. Form\u00e1t A3 na \u0161\u00ed\u0159ku<\/p>\n","protected":false},"featured_media":277,"comment_status":"open","ping_status":"closed","template":"","meta":[],"product_brand":[],"product_cat":[15],"product_tag":[],"class_list":{"0":"post-274","1":"product","2":"type-product","3":"status-publish","4":"has-post-thumbnail","6":"product_cat-nezarazene","8":"first","9":"instock","10":"shipping-taxable","11":"purchasable","12":"product-type-variable"},"_links":{"self":[{"href":"https:\/\/eshop.stanicepavlov.cz\/index.php?rest_route=\/wp\/v2\/product\/274","targetHints":{"allow":["GET"]}}],"collection":[{"href":"https:\/\/eshop.stanicepavlov.cz\/index.php?rest_route=\/wp\/v2\/product"}],"about":[{"href":"https:\/\/eshop.stanicepavlov.cz\/index.php?rest_route=\/wp\/v2\/types\/product"}],"replies":[{"embeddable":true,"href":"https:\/\/eshop.stanicepavlov.cz\/index.php?rest_route=%2Fwp%2Fv2%2Fcomments&post=274"}],"wp:featuredmedia":[{"embeddable":true,"href":"https:\/\/eshop.stanicepavlov.cz\/index.php?rest_route=\/wp\/v2\/media\/277"}],"wp:attachment":[{"href":"https:\/\/eshop.stanicepavlov.cz\/index.php?rest_route=%2Fwp%2Fv2%2Fmedia&parent=274"}],"wp:term":[{"taxonomy":"product_brand","embeddable":true,"href":"https:\/\/eshop.stanicepavlov.cz\/index.php?rest_route=%2Fwp%2Fv2%2Fproduct_brand&post=274"},{"taxonomy":"product_cat","embeddable":true,"href":"https:\/\/eshop.stanicepavlov.cz\/index.php?rest_route=%2Fwp%2Fv2%2Fproduct_cat&post=274"},{"taxonomy":"product_tag","embeddable":true,"href":"https:\/\/eshop.stanicepavlov.cz\/index.php?rest_route=%2Fwp%2Fv2%2Fproduct_tag&post=274"}],"curies":[{"name":"wp","href":"https:\/\/api.w.org\/{rel}","templated":true}]}}