{"id":255,"date":"2025-11-07T01:25:22","date_gmt":"2025-11-07T00:25:22","guid":{"rendered":"https:\/\/eshop.stanicepavlov.cz\/?post_type=product&#038;p=255"},"modified":"2025-11-30T17:09:48","modified_gmt":"2025-11-30T16:09:48","slug":"plechacek-pomoc","status":"publish","type":"product","link":"https:\/\/eshop.stanicepavlov.cz\/?product=plechacek-pomoc","title":{"rendered":"Plech\u00e1\u010dek &#8211; Pom\u00e1h\u00e1m zv\u00ed\u0159\u00e1tk\u016fm"},"content":{"rendered":"<p>Kovov\u00fd hrnek, smaltov\u00fd hrnek &#8211; plech\u00e1\u010dek, v\u00fd\u0161ka 80 mm, pr\u016fm\u011br 57 mm, celkov\u00fd objem 360 ml, u\u017eitn\u00fd objem 300 ml.<\/p>\n","protected":false},"excerpt":{"rendered":"<p>Kovov\u00fd hrnek, smaltov\u00fd hrnek &#8211; plech\u00e1\u010dek, v\u00fd\u0161ka 80 mm, pr\u016fm\u011br 57 mm, celkov\u00fd objem 360 ml, u\u017eitn\u00fd objem 300 ml.<\/p>\n","protected":false},"featured_media":261,"comment_status":"open","ping_status":"closed","template":"","meta":[],"product_brand":[],"product_cat":[15],"product_tag":[],"class_list":{"0":"post-255","1":"product","2":"type-product","3":"status-publish","4":"has-post-thumbnail","6":"product_cat-nezarazene","8":"first","9":"instock","10":"shipping-taxable","11":"purchasable","12":"product-type-simple"},"_links":{"self":[{"href":"https:\/\/eshop.stanicepavlov.cz\/index.php?rest_route=\/wp\/v2\/product\/255","targetHints":{"allow":["GET"]}}],"collection":[{"href":"https:\/\/eshop.stanicepavlov.cz\/index.php?rest_route=\/wp\/v2\/product"}],"about":[{"href":"https:\/\/eshop.stanicepavlov.cz\/index.php?rest_route=\/wp\/v2\/types\/product"}],"replies":[{"embeddable":true,"href":"https:\/\/eshop.stanicepavlov.cz\/index.php?rest_route=%2Fwp%2Fv2%2Fcomments&post=255"}],"wp:featuredmedia":[{"embeddable":true,"href":"https:\/\/eshop.stanicepavlov.cz\/index.php?rest_route=\/wp\/v2\/media\/261"}],"wp:attachment":[{"href":"https:\/\/eshop.stanicepavlov.cz\/index.php?rest_route=%2Fwp%2Fv2%2Fmedia&parent=255"}],"wp:term":[{"taxonomy":"product_brand","embeddable":true,"href":"https:\/\/eshop.stanicepavlov.cz\/index.php?rest_route=%2Fwp%2Fv2%2Fproduct_brand&post=255"},{"taxonomy":"product_cat","embeddable":true,"href":"https:\/\/eshop.stanicepavlov.cz\/index.php?rest_route=%2Fwp%2Fv2%2Fproduct_cat&post=255"},{"taxonomy":"product_tag","embeddable":true,"href":"https:\/\/eshop.stanicepavlov.cz\/index.php?rest_route=%2Fwp%2Fv2%2Fproduct_tag&post=255"}],"curies":[{"name":"wp","href":"https:\/\/api.w.org\/{rel}","templated":true}]}}