{"id":254,"date":"2025-11-07T01:24:01","date_gmt":"2025-11-07T00:24:01","guid":{"rendered":"https:\/\/eshop.stanicepavlov.cz\/?post_type=product&#038;p=254"},"modified":"2025-11-12T21:05:23","modified_gmt":"2025-11-12T20:05:23","slug":"plechacek-kava-pro-me","status":"publish","type":"product","link":"https:\/\/eshop.stanicepavlov.cz\/?product=plechacek-kava-pro-me","title":{"rendered":"Plech\u00e1\u010dek &#8211; K\u00e1va pro m\u011b"},"content":{"rendered":"<p>Kovov\u00fd hrnek, smaltov\u00fd hrnek &#8211; plech\u00e1\u010dek, v\u00fd\u0161ka 80 mm, pr\u016fm\u011br 57 mm, celkov\u00fd objem 360 ml, u\u017eitn\u00fd objem 300 ml.<\/p>\n","protected":false},"excerpt":{"rendered":"<p>Kovov\u00fd hrnek, smaltov\u00fd hrnek &#8211; plech\u00e1\u010dek, v\u00fd\u0161ka 80 mm, pr\u016fm\u011br 57 mm, celkov\u00fd objem 360 ml, u\u017eitn\u00fd objem 300 ml.<\/p>\n","protected":false},"featured_media":262,"comment_status":"open","ping_status":"closed","template":"","meta":[],"product_brand":[],"product_cat":[15],"product_tag":[],"class_list":{"0":"post-254","1":"product","2":"type-product","3":"status-publish","4":"has-post-thumbnail","6":"product_cat-nezarazene","8":"first","9":"instock","10":"shipping-taxable","11":"purchasable","12":"product-type-simple"},"_links":{"self":[{"href":"https:\/\/eshop.stanicepavlov.cz\/index.php?rest_route=\/wp\/v2\/product\/254","targetHints":{"allow":["GET"]}}],"collection":[{"href":"https:\/\/eshop.stanicepavlov.cz\/index.php?rest_route=\/wp\/v2\/product"}],"about":[{"href":"https:\/\/eshop.stanicepavlov.cz\/index.php?rest_route=\/wp\/v2\/types\/product"}],"replies":[{"embeddable":true,"href":"https:\/\/eshop.stanicepavlov.cz\/index.php?rest_route=%2Fwp%2Fv2%2Fcomments&post=254"}],"wp:featuredmedia":[{"embeddable":true,"href":"https:\/\/eshop.stanicepavlov.cz\/index.php?rest_route=\/wp\/v2\/media\/262"}],"wp:attachment":[{"href":"https:\/\/eshop.stanicepavlov.cz\/index.php?rest_route=%2Fwp%2Fv2%2Fmedia&parent=254"}],"wp:term":[{"taxonomy":"product_brand","embeddable":true,"href":"https:\/\/eshop.stanicepavlov.cz\/index.php?rest_route=%2Fwp%2Fv2%2Fproduct_brand&post=254"},{"taxonomy":"product_cat","embeddable":true,"href":"https:\/\/eshop.stanicepavlov.cz\/index.php?rest_route=%2Fwp%2Fv2%2Fproduct_cat&post=254"},{"taxonomy":"product_tag","embeddable":true,"href":"https:\/\/eshop.stanicepavlov.cz\/index.php?rest_route=%2Fwp%2Fv2%2Fproduct_tag&post=254"}],"curies":[{"name":"wp","href":"https:\/\/api.w.org\/{rel}","templated":true}]}}