{"id":244,"date":"2025-11-07T01:17:34","date_gmt":"2025-11-07T00:17:34","guid":{"rendered":"https:\/\/eshop.stanicepavlov.cz\/?post_type=product&#038;p=244"},"modified":"2025-12-09T17:55:40","modified_gmt":"2025-12-09T16:55:40","slug":"tetovacky-ptaci","status":"publish","type":"product","link":"https:\/\/eshop.stanicepavlov.cz\/?product=tetovacky-ptaci","title":{"rendered":"Tetova\u010dky &#8211; Pt\u00e1ci"},"content":{"rendered":"<div><strong><span style=\"font-family: arial, sans-serif\">Do\u010dasn\u00e9\u00a0tetovac\u00ed obtisky\u00a0s autorsk\u00fdmi ilustracemi\u00a0pt\u00e1\u010dk\u016f\u00a0z na\u0161ich les\u016f.\u00a0Velikost archu 10&#215;15 cm.\u00a0<\/span><\/strong><\/div>\n<div>\n<p><span style=\"font-family: arial, sans-serif\">Do\u010dasn\u00e9 tetova\u010dky s\u00a0<strong>autorsk\u00fdmi akvarelov\u00fdmi motivy pt\u00e1\u010dk\u016f<\/strong>. Tetova\u010dky jsou skv\u011blou ozdobou na l\u00e9to, oslavy, dal\u0161\u00ed speci\u00e1ln\u00ed p\u0159\u00edle\u017eitosti a nebo prost\u011b jen tak. \ud83d\ude42<\/span><\/p>\n<p><em><span style=\"font-family: arial, sans-serif\">Na archu najdete celkem 11 druh\u016f pt\u00e1k\u016f &#8211; obtisk\u016f: \u010dejka chocholat\u00e1, brhl\u00edk lesn\u00ed, sova p\u00e1len\u00e1, dlask tlustozob\u00fd, strakapoud obecn\u00fd, strnad obecn\u00fd, dudek chocholat\u00fd, kul\u00edk \u0159\u00ed\u010dn\u00ed, moudivl\u00e1\u010dek lu\u017en\u00ed, vla\u0161tovka obecn\u00e1, ji\u0159i\u010dka obecn\u00e1.<\/span><\/em><\/p>\n<p>Na rozd\u00edl od opravdov\u00e9ho tetov\u00e1n\u00ed je aplikace tetova\u010dek naprosto bezbolestn\u00e1 a zabere jen chvili\u010dku. \ud83d\ude42 Ke ka\u017ed\u00e9mu archu je p\u0159ilo\u017een n\u00e1vod k aplikaci jak v \u010de\u0161tin\u011b, tak v angli\u010dtin\u011b.<\/p>\n<p><span style=\"font-family: arial, sans-serif\">N\u00e1vod k pou\u017eit\u00ed:<br \/>\n1. Vyst\u0159ihn\u011bte z ar\u0161\u00edku v\u00e1mi vybran\u00fd motiv. St\u0159\u00edhejte co nejbl\u00ed\u017ee motivu, co se v\u00e1m to poda\u0159\u00ed.<br \/>\n2. Odstra\u0148te kryc\u00ed f\u00f3lii.<br \/>\n3. Obr\u00e1zek p\u0159itiskn\u011bte na \u010distou a suchou poko\u017eku.<br \/>\n4. Navlh\u010dete podkladov\u00fd pap\u00edr vodou (ide\u00e1ln\u011b vlhk\u00fdm had\u0159\u00edkem) a nechte p\u016fsobit zhruba 15 vte\u0159in.<br \/>\n5. Opatrn\u011b odstra\u0148te podkladov\u00fd pap\u00edr a tetov\u00e1n\u00ed nechte zaschnout.\u00a0<\/span><\/p>\n<p><span style=\"font-family: arial, sans-serif\">Neaplikujte na citlivou poko\u017eku nebo v p\u0159\u00edpad\u011b alergie. Nevhodn\u00e9 pro d\u011bti do 3 let.\u00a0<\/span><\/p>\n<p><span style=\"font-family: arial, sans-serif\">Tetov\u00e1n\u00ed vydr\u017e\u00ed 2-6 dn\u00ed, z\u00e1le\u017e\u00ed na m\u00edst\u011b aplikace.\u00a0Tetova\u010dky lze tak\u00e9 nalepit na jak\u00fdkoliv hladk\u00fd povrch (sklo, obal notebooku, kryt telefonu atd.).<\/span><\/p>\n<p>Do na\u0161\u00ed nab\u00eddky jsme za\u0159adili v\u00fdrobek od <strong data-start=\"409\" data-end=\"437\">ePiP\u00ed \u2013 prodejny radost\u00ed<\/strong>, proto\u017ee sv\u00fdm motivem kr\u00e1sn\u011b vystihuje to, co m\u00e1me r\u00e1di \u2013 <strong data-start=\"496\" data-end=\"517\">zv\u00ed\u0159ata a p\u0159\u00edrodu<\/strong>.<\/p>\n<\/div>\n<div>\n<div class=\"gmail_signature\" dir=\"ltr\" data-smartmail=\"gmail_signature\">\n<div dir=\"ltr\"><\/div>\n<\/div>\n<\/div>\n","protected":false},"excerpt":{"rendered":"<p>Do\u010dasn\u00e9\u00a0tetovac\u00ed obtisky\u00a0s autorsk\u00fdmi ilustracemi\u00a0pt\u00e1\u010dk\u016f\u00a0z na\u0161ich les\u016f.\u00a0Velikost archu 10&#215;15 cm.\u00a0 Do\u010dasn\u00e9 tetova\u010dky s\u00a0autorsk\u00fdmi akvarelov\u00fdmi motivy pt\u00e1\u010dk\u016f. Tetova\u010dky jsou skv\u011blou ozdobou na l\u00e9to, oslavy, dal\u0161\u00ed speci\u00e1ln\u00ed p\u0159\u00edle\u017eitosti a nebo prost\u011b jen tak. \ud83d\ude42 Na archu najdete celkem 11 druh\u016f pt\u00e1k\u016f &#8211; obtisk\u016f: \u010dejka chocholat\u00e1, brhl\u00edk lesn\u00ed, sova p\u00e1len\u00e1, dlask tlustozob\u00fd, strakapoud obecn\u00fd, strnad obecn\u00fd, dudek chocholat\u00fd, kul\u00edk [&hellip;]<\/p>\n","protected":false},"featured_media":263,"comment_status":"open","ping_status":"closed","template":"","meta":[],"product_brand":[],"product_cat":[15],"product_tag":[],"class_list":{"0":"post-244","1":"product","2":"type-product","3":"status-publish","4":"has-post-thumbnail","6":"product_cat-nezarazene","8":"first","9":"instock","10":"shipping-taxable","11":"purchasable","12":"product-type-simple"},"_links":{"self":[{"href":"https:\/\/eshop.stanicepavlov.cz\/index.php?rest_route=\/wp\/v2\/product\/244","targetHints":{"allow":["GET"]}}],"collection":[{"href":"https:\/\/eshop.stanicepavlov.cz\/index.php?rest_route=\/wp\/v2\/product"}],"about":[{"href":"https:\/\/eshop.stanicepavlov.cz\/index.php?rest_route=\/wp\/v2\/types\/product"}],"replies":[{"embeddable":true,"href":"https:\/\/eshop.stanicepavlov.cz\/index.php?rest_route=%2Fwp%2Fv2%2Fcomments&post=244"}],"wp:featuredmedia":[{"embeddable":true,"href":"https:\/\/eshop.stanicepavlov.cz\/index.php?rest_route=\/wp\/v2\/media\/263"}],"wp:attachment":[{"href":"https:\/\/eshop.stanicepavlov.cz\/index.php?rest_route=%2Fwp%2Fv2%2Fmedia&parent=244"}],"wp:term":[{"taxonomy":"product_brand","embeddable":true,"href":"https:\/\/eshop.stanicepavlov.cz\/index.php?rest_route=%2Fwp%2Fv2%2Fproduct_brand&post=244"},{"taxonomy":"product_cat","embeddable":true,"href":"https:\/\/eshop.stanicepavlov.cz\/index.php?rest_route=%2Fwp%2Fv2%2Fproduct_cat&post=244"},{"taxonomy":"product_tag","embeddable":true,"href":"https:\/\/eshop.stanicepavlov.cz\/index.php?rest_route=%2Fwp%2Fv2%2Fproduct_tag&post=244"}],"curies":[{"name":"wp","href":"https:\/\/api.w.org\/{rel}","templated":true}]}}