{"id":241,"date":"2025-11-07T01:17:25","date_gmt":"2025-11-07T00:17:25","guid":{"rendered":"https:\/\/eshop.stanicepavlov.cz\/?post_type=product&#038;p=241"},"modified":"2025-12-04T19:50:27","modified_gmt":"2025-12-04T18:50:27","slug":"tetovacky-vydry","status":"publish","type":"product","link":"https:\/\/eshop.stanicepavlov.cz\/?product=tetovacky-vydry","title":{"rendered":"Tetova\u010dky &#8211; Vydry"},"content":{"rendered":"<div>\n<h4><span style=\"font-family: arial, sans-serif;font-size: 16px\">Do\u010dasn\u00e9 <\/span><strong>tetovac\u00ed obtisky<\/strong><span style=\"font-family: arial, sans-serif;font-size: 16px\">\u00a0s autorsk\u00fdmi ilustracemi\u00a0<\/span><strong style=\"font-family: arial, sans-serif;font-size: 16px\">vyder<\/strong><span style=\"font-family: arial, sans-serif;font-size: 16px\">. Velikost archu 10&#215;15 cm.\u00a0<\/span><\/h4>\n<\/div>\n<div>\n<p><span style=\"font-family: arial, sans-serif\">Do\u010dasn\u00e9 tetova\u010dky s\u00a0<strong>autorsk\u00fdmi akvarelov\u00fdmi motivy<\/strong>. Tetova\u010dky jsou skv\u011blou ozdobou na l\u00e9to, oslavy, dal\u0161\u00ed speci\u00e1ln\u00ed p\u0159\u00edle\u017eitosti a nebo prost\u011b jen tak. \ud83d\ude42<\/span><\/p>\n<p>Na rozd\u00edl od opravdov\u00e9ho tetov\u00e1n\u00ed je aplikace tetova\u010dek naprosto bezbolestn\u00e1 a zabere jen chvili\u010dku. \ud83d\ude42 Ke ka\u017ed\u00e9mu archu je p\u0159ilo\u017een n\u00e1vod k aplikaci jak v \u010de\u0161tin\u011b, tak v angli\u010dtin\u011b.<\/p>\n<p><span style=\"font-family: arial, sans-serif\">N\u00e1vod k pou\u017eit\u00ed:<br \/>\n<\/span><span style=\"font-family: arial, sans-serif\">1. Vyst\u0159ihn\u011bte z ar\u0161\u00edku v\u00e1mi vybran\u00fd motiv. St\u0159\u00edhejte co nejbl\u00ed\u017ee motivu, co se v\u00e1m to poda\u0159\u00ed.<br \/>\n2. Odstra\u0148te kryc\u00ed f\u00f3lii.<br \/>\n3. Obr\u00e1zek p\u0159itiskn\u011bte na \u010distou a suchou poko\u017eku.<br \/>\n4. Navlh\u010dete podkladov\u00fd pap\u00edr vodou (ide\u00e1ln\u011b vlhk\u00fdm had\u0159\u00edkem) a nechte p\u016fsobit zhruba 15 vte\u0159in.<br \/>\n5. Opatrn\u011b odstra\u0148te podkladov\u00fd pap\u00edr a tetov\u00e1n\u00ed nechte zaschnout.\u00a0<\/span><\/p>\n<p><span style=\"font-family: arial, sans-serif\">Neaplikujte na citlivou poko\u017eku nebo v p\u0159\u00edpad\u011b alergie. Nevhodn\u00e9 pro d\u011bti do 3 let.\u00a0<\/span><\/p>\n<p><span style=\"font-family: arial, sans-serif\">Tetov\u00e1n\u00ed vydr\u017e\u00ed 2-6 dn\u00ed, z\u00e1le\u017e\u00ed na m\u00edst\u011b aplikace.\u00a0Tetova\u010dky lze tak\u00e9 nalepit na jak\u00fdkoliv hladk\u00fd povrch (sklo, obal notebooku, kryt telefonu atd.).<\/span><\/p>\n<p>Do na\u0161\u00ed nab\u00eddky jsme za\u0159adili v\u00fdrobek od <strong data-start=\"409\" data-end=\"437\">ePiP\u00ed \u2013 prodejny radost\u00ed<\/strong>, proto\u017ee sv\u00fdm motivem kr\u00e1sn\u011b vystihuje to, co m\u00e1me r\u00e1di \u2013 <strong data-start=\"496\" data-end=\"517\">zv\u00ed\u0159ata a p\u0159\u00edrodu<\/strong>.<\/p>\n<\/div>\n","protected":false},"excerpt":{"rendered":"<p>Do\u010dasn\u00e9 tetovac\u00ed obtisky\u00a0s autorsk\u00fdmi ilustracemi\u00a0vyder. Velikost archu 10&#215;15 cm.\u00a0 Do\u010dasn\u00e9 tetova\u010dky s\u00a0autorsk\u00fdmi akvarelov\u00fdmi motivy. Tetova\u010dky jsou skv\u011blou ozdobou na l\u00e9to, oslavy, dal\u0161\u00ed speci\u00e1ln\u00ed p\u0159\u00edle\u017eitosti a nebo prost\u011b jen tak. \ud83d\ude42 Na rozd\u00edl od opravdov\u00e9ho tetov\u00e1n\u00ed je aplikace tetova\u010dek naprosto bezbolestn\u00e1 a zabere jen chvili\u010dku. \ud83d\ude42 Ke ka\u017ed\u00e9mu archu je p\u0159ilo\u017een n\u00e1vod k aplikaci jak v [&hellip;]<\/p>\n","protected":false},"featured_media":264,"comment_status":"open","ping_status":"closed","template":"","meta":[],"product_brand":[],"product_cat":[15],"product_tag":[],"class_list":{"0":"post-241","1":"product","2":"type-product","3":"status-publish","4":"has-post-thumbnail","6":"product_cat-nezarazene","8":"first","9":"instock","10":"shipping-taxable","11":"purchasable","12":"product-type-simple"},"_links":{"self":[{"href":"https:\/\/eshop.stanicepavlov.cz\/index.php?rest_route=\/wp\/v2\/product\/241","targetHints":{"allow":["GET"]}}],"collection":[{"href":"https:\/\/eshop.stanicepavlov.cz\/index.php?rest_route=\/wp\/v2\/product"}],"about":[{"href":"https:\/\/eshop.stanicepavlov.cz\/index.php?rest_route=\/wp\/v2\/types\/product"}],"replies":[{"embeddable":true,"href":"https:\/\/eshop.stanicepavlov.cz\/index.php?rest_route=%2Fwp%2Fv2%2Fcomments&post=241"}],"wp:featuredmedia":[{"embeddable":true,"href":"https:\/\/eshop.stanicepavlov.cz\/index.php?rest_route=\/wp\/v2\/media\/264"}],"wp:attachment":[{"href":"https:\/\/eshop.stanicepavlov.cz\/index.php?rest_route=%2Fwp%2Fv2%2Fmedia&parent=241"}],"wp:term":[{"taxonomy":"product_brand","embeddable":true,"href":"https:\/\/eshop.stanicepavlov.cz\/index.php?rest_route=%2Fwp%2Fv2%2Fproduct_brand&post=241"},{"taxonomy":"product_cat","embeddable":true,"href":"https:\/\/eshop.stanicepavlov.cz\/index.php?rest_route=%2Fwp%2Fv2%2Fproduct_cat&post=241"},{"taxonomy":"product_tag","embeddable":true,"href":"https:\/\/eshop.stanicepavlov.cz\/index.php?rest_route=%2Fwp%2Fv2%2Fproduct_tag&post=241"}],"curies":[{"name":"wp","href":"https:\/\/api.w.org\/{rel}","templated":true}]}}