{"id":237,"date":"2025-11-07T01:15:03","date_gmt":"2025-11-07T00:15:03","guid":{"rendered":"https:\/\/eshop.stanicepavlov.cz\/?post_type=product&#038;p=237"},"modified":"2026-01-06T23:49:38","modified_gmt":"2026-01-06T22:49:38","slug":"termoska-s-hrneckem-sovy","status":"publish","type":"product","link":"https:\/\/eshop.stanicepavlov.cz\/?product=termoska-s-hrneckem-sovy","title":{"rendered":"Termoska s hrne\u010dkem &#8211; Sovy"},"content":{"rendered":"<div>\n<h1><span style=\"font-size: large\">Termoska s hrne\u010dkem 550 ml &#8211; Sovy<\/span><\/h1>\n<\/div>\n<div><span style=\"font-family: arial, sans-serif\"><strong><a href=\"https:\/\/www.epipi.cz\/kategorie\/termolahve\/\">Termoska<\/a>\u00a0s hrne\u010dkem\u00a0<\/strong>z kvalitn\u00ed nerezov\u00e9 oceli. Kovov\u00e9 v\u00ed\u010dko termosky slou\u017e\u00ed jako hrne\u010dek s ou\u0161kem.\u00a0Termoska je poti\u0161t\u011bn\u00e1 autorsk\u00fdm\u00a0motivem\u00a0se\u00a0<a href=\"https:\/\/www.epipi.cz\/kategorie\/sovy\/\"><strong>sovami<\/strong><\/a>.\u00a0Objem l\u00e1hve<strong>\u00a0550 ml<\/strong>.\u00a0<\/span><\/div>\n<div><span style=\"font-family: arial, sans-serif\">\u00a0<\/span><\/div>\n<div>\n<p><span style=\"font-family: arial, sans-serif\">Termoska s hrne\u010dkem z kvalitn\u00ed nerezov\u00e9 oceli.\u00a0Hrn\u00ed\u010dek na vrchu termosky lze rychle sejmout (sta\u010d\u00ed jen pooto\u010dit o 180\u00b0) a stisknout jedn\u00edm prstem st\u0159ed uz\u00e1v\u011bru termosky, kter\u00fd je pod hrn\u00ed\u010dkem.\u00a0Hrne\u010dek je z vnit\u0159n\u00ed strany kovov\u00fd a vn\u011bj\u0161\u00ed strana s ou\u0161kem je plastov\u00e1, d\u00edky \u010demu\u017e se p\u0159i nalit\u00ed tekutiny nezah\u0159\u00edv\u00e1. Termoska je ide\u00e1ln\u00ed na hork\u00fd \u010daj nebo k\u00e1vu p\u0159i dlouh\u00fdch zimn\u00edch proch\u00e1zk\u00e1ch. Termoska\u00a0m\u00e1 dvojitou st\u011bnu a\u00a0<strong>zadr\u017e\u00ed tekutinu horkou a\u017e 12 hodin.\u00a0<\/strong>Stejn\u011b dob\u0159e izoluje i studen\u00e9 n\u00e1poje.<\/span><\/p>\n<p><span style=\"font-family: arial, sans-serif\">Potisk je vytvo\u0159en\u00a0<strong>sublima\u010dn\u00ed technologi\u00ed<\/strong>, d\u00edky kter\u00e9 ilustrace spl\u00fdv\u00e1 s povrchem l\u00e1hve, zachov\u00e1 si kr\u00e1sn\u00fd lesk a kvalitu.<\/span><\/p>\n<p><span style=\"font-family: arial, sans-serif\">Termoska je poti\u0161t\u011bn\u00e1 na\u0161\u00ed\u00a0<strong>autorskou ilustrac\u00ed<\/strong>\u00a0\u010desk\u00fdch sov.\u00a0Ilustrace byla v origin\u00e1le malovan\u00e1 akvarelem a pastelkami.<\/span><\/p>\n<p><strong><span style=\"font-family: arial, sans-serif\">Objem 550 ml (rozm\u011br: 6,8&#215;26 cm)<\/span><\/strong><\/p>\n<p><strong><span style=\"font-family: arial, sans-serif\">V\u00e1ha: 360 g<\/span><\/strong><\/p>\n<p><strong><span style=\"font-family: arial, sans-serif\">Materi\u00e1l: Nerezov\u00e1 ocel, plast<\/span><\/strong><\/p>\n<p><strong><span style=\"font-family: arial, sans-serif\">P\u00e9\u010de:\u00a0Termosku doporu\u010dujeme m\u00fdt v ruce.<\/span><\/strong><\/p>\n<p>Do na\u0161\u00ed nab\u00eddky jsme za\u0159adili v\u00fdrobek od <strong data-start=\"409\" data-end=\"437\">ePiP\u00ed \u2013 prodejny radost\u00ed<\/strong>, proto\u017ee sv\u00fdm motivem kr\u00e1sn\u011b vystihuje to, co m\u00e1me r\u00e1di \u2013 <strong data-start=\"496\" data-end=\"517\">zv\u00ed\u0159ata a p\u0159\u00edrodu<\/strong>.<\/p>\n<\/div>\n<div>\n<div class=\"gmail_signature\" dir=\"ltr\" data-smartmail=\"gmail_signature\">\n<div dir=\"ltr\"><\/div>\n<\/div>\n<\/div>\n","protected":false},"excerpt":{"rendered":"<p>Termoska s hrne\u010dkem 550 ml &#8211; Sovy Termoska\u00a0s hrne\u010dkem\u00a0z kvalitn\u00ed nerezov\u00e9 oceli. Kovov\u00e9 v\u00ed\u010dko termosky slou\u017e\u00ed jako hrne\u010dek s ou\u0161kem.\u00a0Termoska je poti\u0161t\u011bn\u00e1 autorsk\u00fdm\u00a0motivem\u00a0se\u00a0sovami.\u00a0Objem l\u00e1hve\u00a0550 ml.\u00a0 \u00a0 Termoska s hrne\u010dkem z kvalitn\u00ed nerezov\u00e9 oceli.\u00a0Hrn\u00ed\u010dek na vrchu termosky lze rychle sejmout (sta\u010d\u00ed jen pooto\u010dit o 180\u00b0) a stisknout jedn\u00edm prstem st\u0159ed uz\u00e1v\u011bru termosky, kter\u00fd je pod hrn\u00ed\u010dkem.\u00a0Hrne\u010dek [&hellip;]<\/p>\n","protected":false},"featured_media":265,"comment_status":"open","ping_status":"closed","template":"","meta":[],"product_brand":[],"product_cat":[15],"product_tag":[],"class_list":{"0":"post-237","1":"product","2":"type-product","3":"status-publish","4":"has-post-thumbnail","6":"product_cat-nezarazene","8":"first","9":"instock","10":"shipping-taxable","11":"purchasable","12":"product-type-simple"},"_links":{"self":[{"href":"https:\/\/eshop.stanicepavlov.cz\/index.php?rest_route=\/wp\/v2\/product\/237","targetHints":{"allow":["GET"]}}],"collection":[{"href":"https:\/\/eshop.stanicepavlov.cz\/index.php?rest_route=\/wp\/v2\/product"}],"about":[{"href":"https:\/\/eshop.stanicepavlov.cz\/index.php?rest_route=\/wp\/v2\/types\/product"}],"replies":[{"embeddable":true,"href":"https:\/\/eshop.stanicepavlov.cz\/index.php?rest_route=%2Fwp%2Fv2%2Fcomments&post=237"}],"wp:featuredmedia":[{"embeddable":true,"href":"https:\/\/eshop.stanicepavlov.cz\/index.php?rest_route=\/wp\/v2\/media\/265"}],"wp:attachment":[{"href":"https:\/\/eshop.stanicepavlov.cz\/index.php?rest_route=%2Fwp%2Fv2%2Fmedia&parent=237"}],"wp:term":[{"taxonomy":"product_brand","embeddable":true,"href":"https:\/\/eshop.stanicepavlov.cz\/index.php?rest_route=%2Fwp%2Fv2%2Fproduct_brand&post=237"},{"taxonomy":"product_cat","embeddable":true,"href":"https:\/\/eshop.stanicepavlov.cz\/index.php?rest_route=%2Fwp%2Fv2%2Fproduct_cat&post=237"},{"taxonomy":"product_tag","embeddable":true,"href":"https:\/\/eshop.stanicepavlov.cz\/index.php?rest_route=%2Fwp%2Fv2%2Fproduct_tag&post=237"}],"curies":[{"name":"wp","href":"https:\/\/api.w.org\/{rel}","templated":true}]}}