{"id":234,"date":"2025-11-07T01:12:33","date_gmt":"2025-11-07T00:12:33","guid":{"rendered":"https:\/\/eshop.stanicepavlov.cz\/?post_type=product&#038;p=234"},"modified":"2025-12-27T23:01:58","modified_gmt":"2025-12-27T22:01:58","slug":"velky-keramicky-hrnek-sovy","status":"publish","type":"product","link":"https:\/\/eshop.stanicepavlov.cz\/?product=velky-keramicky-hrnek-sovy","title":{"rendered":"Velk\u00fd keramick\u00fd hrnek &#8211; Sovy"},"content":{"rendered":"<div><span style=\"font-family: arial, sans-serif\">Velk\u00fd\u00a0<strong>keramick\u00fd hrnek<\/strong>\u00a0s retro vzhledem\u00a0poti\u0161t\u011bn\u00fd autorsk\u00fdmi ilustracemi\u00a0<b>\u010desk\u00fdch sov<\/b>.\u00a0Objem\u00a0<strong>450 ml\u00a0<\/strong>(m\u011b\u0159eno po okraj hrne\u010dku).<\/span><\/div>\n<div>\n<p><span style=\"font-family: arial, sans-serif\">Velk\u00fd\u00a0<strong>keramick\u00fd hrnek<\/strong>\u00a0s objemem\u00a0<strong>450 ml<\/strong>, tak akor\u00e1t na po\u0159\u00e1dn\u00fd \u010daj. Hrne\u010dek m\u00e1 zaoblenou spodn\u00ed hranu a neobvykle velik\u00e9 ucho, p\u016fsob\u00ed t\u011b\u017ece a mohutn\u011b, ale i p\u0159es jeho objem a velikost je lehk\u00fd a p\u0159\u00edjemn\u00fd do ruky.<\/span><\/p>\n<p><span style=\"font-family: arial, sans-serif\">Hrnek je poti\u0161t\u011bn\u00fd po\u00a0cel\u00e9 plo\u0161e, potisk kon\u010d\u00ed zhruba 1 cm od ucha a zdob\u00ed jej na\u0161e\u00a0a<strong>utorsk\u00e9 ilustrace\u00a0<\/strong>\u010desk\u00fdch sov.<\/span><\/p>\n<p><span style=\"font-family: arial, sans-serif\">Hrne\u010dek je poti\u0161t\u011bn sublima\u010dn\u00ed technologi\u00ed d\u00edky kter\u00e9 si potisk zachov\u00e1 kr\u00e1sn\u00fd lesk, kvalitu a sytost barev.\u00a0<\/span><\/p>\n<p><span style=\"font-family: arial, sans-serif\">Sublima\u010dn\u00ed tisk je vhodn\u00fd na myt\u00ed v my\u010dce, ale z dlouhodob\u00e9ho hlediska\u00a0<strong>doporu\u010dujeme<\/strong>\u00a0rad\u011bji hrne\u010dky\u00a0<strong>m\u00fdt v ruce<\/strong>, aby barvy neztratily svou sytost a lesk.\u00a0<\/span><\/p>\n<p>Do na\u0161\u00ed nab\u00eddky jsme za\u0159adili v\u00fdrobek od <strong data-start=\"409\" data-end=\"437\">ePiP\u00ed \u2013 prodejny radost\u00ed<\/strong>, proto\u017ee sv\u00fdm motivem kr\u00e1sn\u011b vystihuje to, co m\u00e1me r\u00e1di \u2013 <strong data-start=\"496\" data-end=\"517\">zv\u00ed\u0159ata a p\u0159\u00edrodu<\/strong>.<\/p>\n<p>&nbsp;<\/p>\n<\/div>\n","protected":false},"excerpt":{"rendered":"<p>Velk\u00fd\u00a0keramick\u00fd hrnek\u00a0s retro vzhledem\u00a0poti\u0161t\u011bn\u00fd autorsk\u00fdmi ilustracemi\u00a0\u010desk\u00fdch sov.\u00a0Objem\u00a0450 ml\u00a0(m\u011b\u0159eno po okraj hrne\u010dku). Velk\u00fd\u00a0keramick\u00fd hrnek\u00a0s objemem\u00a0450 ml, tak akor\u00e1t na po\u0159\u00e1dn\u00fd \u010daj. Hrne\u010dek m\u00e1 zaoblenou spodn\u00ed hranu a neobvykle velik\u00e9 ucho, p\u016fsob\u00ed t\u011b\u017ece a mohutn\u011b, ale i p\u0159es jeho objem a velikost je lehk\u00fd a p\u0159\u00edjemn\u00fd do ruky. Hrnek je poti\u0161t\u011bn\u00fd po\u00a0cel\u00e9 plo\u0161e, potisk kon\u010d\u00ed zhruba 1 [&hellip;]<\/p>\n","protected":false},"featured_media":266,"comment_status":"open","ping_status":"closed","template":"","meta":[],"product_brand":[],"product_cat":[15],"product_tag":[],"class_list":{"0":"post-234","1":"product","2":"type-product","3":"status-publish","4":"has-post-thumbnail","6":"product_cat-nezarazene","8":"first","9":"instock","10":"shipping-taxable","11":"purchasable","12":"product-type-simple"},"_links":{"self":[{"href":"https:\/\/eshop.stanicepavlov.cz\/index.php?rest_route=\/wp\/v2\/product\/234","targetHints":{"allow":["GET"]}}],"collection":[{"href":"https:\/\/eshop.stanicepavlov.cz\/index.php?rest_route=\/wp\/v2\/product"}],"about":[{"href":"https:\/\/eshop.stanicepavlov.cz\/index.php?rest_route=\/wp\/v2\/types\/product"}],"replies":[{"embeddable":true,"href":"https:\/\/eshop.stanicepavlov.cz\/index.php?rest_route=%2Fwp%2Fv2%2Fcomments&post=234"}],"wp:featuredmedia":[{"embeddable":true,"href":"https:\/\/eshop.stanicepavlov.cz\/index.php?rest_route=\/wp\/v2\/media\/266"}],"wp:attachment":[{"href":"https:\/\/eshop.stanicepavlov.cz\/index.php?rest_route=%2Fwp%2Fv2%2Fmedia&parent=234"}],"wp:term":[{"taxonomy":"product_brand","embeddable":true,"href":"https:\/\/eshop.stanicepavlov.cz\/index.php?rest_route=%2Fwp%2Fv2%2Fproduct_brand&post=234"},{"taxonomy":"product_cat","embeddable":true,"href":"https:\/\/eshop.stanicepavlov.cz\/index.php?rest_route=%2Fwp%2Fv2%2Fproduct_cat&post=234"},{"taxonomy":"product_tag","embeddable":true,"href":"https:\/\/eshop.stanicepavlov.cz\/index.php?rest_route=%2Fwp%2Fv2%2Fproduct_tag&post=234"}],"curies":[{"name":"wp","href":"https:\/\/api.w.org\/{rel}","templated":true}]}}