{"id":225,"date":"2025-11-07T01:08:14","date_gmt":"2025-11-07T00:08:14","guid":{"rendered":"https:\/\/eshop.stanicepavlov.cz\/?post_type=product&#038;p=225"},"modified":"2025-12-27T23:01:58","modified_gmt":"2025-12-27T22:01:58","slug":"diar-na-rok-2026-sovy","status":"publish","type":"product","link":"https:\/\/eshop.stanicepavlov.cz\/?product=diar-na-rok-2026-sovy","title":{"rendered":"Di\u00e1\u0159 na rok 2026 &#8211; Sovy"},"content":{"rendered":"<div><span style=\"font-family: arial, sans-serif\">Di\u00e1\u0159 na rok 2026 v\u00a0<strong>krou\u017ekov\u00e9 (twin) vazb\u011b<\/strong>\u00a0m\u011bd\u011bn\u00e9 barvy s gumi\u010dkou. Desky s autorskou ilustrac\u00ed sov.<\/span><\/div>\n<div>\n<div>\n<ul>\n<li><span style=\"font-family: arial, sans-serif\"><strong>A5<\/strong>\u00a0(148 \u00d7 210 mm)\u00a0<\/span><\/li>\n<li><span style=\"font-family: arial, sans-serif\">celkov\u00fd rozm\u011br s krou\u017ekovou vazbou: \u2013 A5: 154 \u00d7 215 mm<br \/>\n<\/span><\/li>\n<li><span style=\"font-family: arial, sans-serif\">t\u00fddenn\u00ed datov\u00e1n\u00ed (CZ\/SK sv\u00e1tky)<\/span><\/li>\n<li><span style=\"font-family: arial, sans-serif\">pou\u017eiteln\u00e9 u\u017e od prosince 2025<\/span><\/li>\n<\/ul>\n<\/div>\n<div>\n<ul>\n<li><span style=\"font-family: arial, sans-serif\">pevn\u00e9 ka\u0161\u00edrovan\u00e9 desky se sametovou matnou laminac\u00ed<\/span><\/li>\n<li><span style=\"font-family: arial, sans-serif\">m\u011bd\u011bn\u00e1 krou\u017ekov\u00e1 vazba<\/span><\/li>\n<li><span style=\"font-family: arial, sans-serif\">uzav\u00edr\u00e1n\u00ed na gumi\u010dku<\/span><\/li>\n<li><span style=\"font-family: arial, sans-serif\">100g ofsetov\u00fd pap\u00edr<\/span><\/li>\n<\/ul>\n<\/div>\n<div>\n<ul>\n<li><span style=\"font-family: arial, sans-serif\">ro\u010dn\u00ed + m\u011bs\u00ed\u010dn\u00ed p\u0159ehled<\/span><\/li>\n<li><span style=\"font-family: arial, sans-serif\">14 stran na pozn\u00e1mky<\/span><\/li>\n<li><span style=\"font-family: arial, sans-serif\">5 list\u016f s ilustracemi zv\u00ed\u0159at a rostlin<\/span><\/li>\n<li><span style=\"font-family: arial, sans-serif\">navr\u017een\u00fd a vyroben\u00fd u n\u00e1s, v \u010cesk\u00e9 republice<\/span><\/li>\n<li><span style=\"font-family: arial, sans-serif\">lze dokoupit kapsi\u010dku \u010di poutko na tu\u017eku<\/span><\/li>\n<\/ul>\n<p>Do na\u0161\u00ed nab\u00eddky jsme za\u0159adili v\u00fdrobek od <strong data-start=\"409\" data-end=\"437\">ePiP\u00ed \u2013 prodejny radost\u00ed<\/strong>, proto\u017ee sv\u00fdm motivem kr\u00e1sn\u011b vystihuje to, co m\u00e1me r\u00e1di \u2013 <strong data-start=\"496\" data-end=\"517\">zv\u00ed\u0159ata a p\u0159\u00edrodu<\/strong>.<\/p>\n<\/div>\n<\/div>\n","protected":false},"excerpt":{"rendered":"<p>Di\u00e1\u0159 na rok 2026 v\u00a0krou\u017ekov\u00e9 (twin) vazb\u011b\u00a0m\u011bd\u011bn\u00e9 barvy s gumi\u010dkou. Desky s autorskou ilustrac\u00ed sov. A5\u00a0(148 \u00d7 210 mm)\u00a0 celkov\u00fd rozm\u011br s krou\u017ekovou vazbou: \u2013 A5: 154 \u00d7 215 mm t\u00fddenn\u00ed datov\u00e1n\u00ed (CZ\/SK sv\u00e1tky) pou\u017eiteln\u00e9 u\u017e od prosince 2025 pevn\u00e9 ka\u0161\u00edrovan\u00e9 desky se sametovou matnou laminac\u00ed m\u011bd\u011bn\u00e1 krou\u017ekov\u00e1 vazba uzav\u00edr\u00e1n\u00ed na gumi\u010dku 100g ofsetov\u00fd pap\u00edr [&hellip;]<\/p>\n","protected":false},"featured_media":268,"comment_status":"open","ping_status":"closed","template":"","meta":[],"product_brand":[],"product_cat":[15],"product_tag":[],"class_list":{"0":"post-225","1":"product","2":"type-product","3":"status-publish","4":"has-post-thumbnail","6":"product_cat-nezarazene","8":"first","9":"instock","10":"shipping-taxable","11":"purchasable","12":"product-type-simple"},"_links":{"self":[{"href":"https:\/\/eshop.stanicepavlov.cz\/index.php?rest_route=\/wp\/v2\/product\/225","targetHints":{"allow":["GET"]}}],"collection":[{"href":"https:\/\/eshop.stanicepavlov.cz\/index.php?rest_route=\/wp\/v2\/product"}],"about":[{"href":"https:\/\/eshop.stanicepavlov.cz\/index.php?rest_route=\/wp\/v2\/types\/product"}],"replies":[{"embeddable":true,"href":"https:\/\/eshop.stanicepavlov.cz\/index.php?rest_route=%2Fwp%2Fv2%2Fcomments&post=225"}],"wp:featuredmedia":[{"embeddable":true,"href":"https:\/\/eshop.stanicepavlov.cz\/index.php?rest_route=\/wp\/v2\/media\/268"}],"wp:attachment":[{"href":"https:\/\/eshop.stanicepavlov.cz\/index.php?rest_route=%2Fwp%2Fv2%2Fmedia&parent=225"}],"wp:term":[{"taxonomy":"product_brand","embeddable":true,"href":"https:\/\/eshop.stanicepavlov.cz\/index.php?rest_route=%2Fwp%2Fv2%2Fproduct_brand&post=225"},{"taxonomy":"product_cat","embeddable":true,"href":"https:\/\/eshop.stanicepavlov.cz\/index.php?rest_route=%2Fwp%2Fv2%2Fproduct_cat&post=225"},{"taxonomy":"product_tag","embeddable":true,"href":"https:\/\/eshop.stanicepavlov.cz\/index.php?rest_route=%2Fwp%2Fv2%2Fproduct_tag&post=225"}],"curies":[{"name":"wp","href":"https:\/\/api.w.org\/{rel}","templated":true}]}}