{"id":214,"date":"2025-11-12T21:01:37","date_gmt":"2025-11-12T20:01:37","guid":{"rendered":"https:\/\/eshop.stanicepavlov.cz\/?post_type=product&#038;p=214"},"modified":"2025-12-22T21:49:40","modified_gmt":"2025-12-22T20:49:40","slug":"ponozky-pro-deti","status":"publish","type":"product","link":"https:\/\/eshop.stanicepavlov.cz\/?product=ponozky-pro-deti","title":{"rendered":"Pono\u017eky pro d\u011bti"},"content":{"rendered":"<p>Noste <b>vesel\u00e9 pono\u017eky<\/b> a uka\u017ete, \u017ee m\u00e1te srdce na spr\u00e1vn\u00e9m m\u00edst\u011b. <b>Tyto pono\u017eky<\/b> z p\u0159\u00edjemn\u00e9 <b>bavlny<\/b> v\u00e1m budou d\u011blat radost <b>na ka\u017ed\u00e9m kroku<\/b>. T\u00edm nejd\u016fle\u017eit\u011bj\u0161\u00edm je ale jejich p\u0159\u00edb\u011bh \u2013 nejsou tu pro zisk, ale pro pomoc.<\/p>\n<ul>\n<li><b>P\u0159\u00edjemn\u00e1 bavlna:<\/b> Pohodln\u00fd a kvalitn\u00ed materi\u00e1l.<\/li>\n<li><b>100% na dobrou v\u011bc:<\/b> Cel\u00fd zisk z prodeje jde zp\u011bt na\u0161\u00ed z\u00e1chrann\u00e9 stanice a pou\u017eije se na p\u00e9\u010di o nemocn\u00e1 a zran\u011bn\u00e1 zv\u00ed\u0159ata.<\/li>\n<\/ul>\n<p>D\u011btsk\u00e9 pono\u017eky vyrobeny na zak\u00e1zku v \u010cesk\u00e9 republice, firma z Vyso\u010diny s dlouholetou zku\u0161enost\u00ed. Slo\u017een\u00ed: 80% bavlna, 18% polyamid, 2% elastan.<\/p>\n","protected":false},"excerpt":{"rendered":"<p>Noste vesel\u00e9 pono\u017eky a uka\u017ete, \u017ee m\u00e1te srdce na spr\u00e1vn\u00e9m m\u00edst\u011b. Tyto pono\u017eky z p\u0159\u00edjemn\u00e9 bavlny v\u00e1m budou d\u011blat radost na ka\u017ed\u00e9m kroku. T\u00edm nejd\u016fle\u017eit\u011bj\u0161\u00edm je ale jejich p\u0159\u00edb\u011bh \u2013 nejsou tu pro zisk, ale pro pomoc. P\u0159\u00edjemn\u00e1 bavlna: Pohodln\u00fd a kvalitn\u00ed materi\u00e1l. 100% na dobrou v\u011bc: Cel\u00fd zisk z prodeje jde zp\u011bt na\u0161\u00ed z\u00e1chrann\u00e9 [&hellip;]<\/p>\n","protected":false},"featured_media":269,"comment_status":"open","ping_status":"closed","template":"","meta":[],"product_brand":[],"product_cat":[15],"product_tag":[],"class_list":{"0":"post-214","1":"product","2":"type-product","3":"status-publish","4":"has-post-thumbnail","6":"product_cat-nezarazene","8":"first","9":"instock","10":"shipping-taxable","11":"purchasable","12":"product-type-variable"},"_links":{"self":[{"href":"https:\/\/eshop.stanicepavlov.cz\/index.php?rest_route=\/wp\/v2\/product\/214","targetHints":{"allow":["GET"]}}],"collection":[{"href":"https:\/\/eshop.stanicepavlov.cz\/index.php?rest_route=\/wp\/v2\/product"}],"about":[{"href":"https:\/\/eshop.stanicepavlov.cz\/index.php?rest_route=\/wp\/v2\/types\/product"}],"replies":[{"embeddable":true,"href":"https:\/\/eshop.stanicepavlov.cz\/index.php?rest_route=%2Fwp%2Fv2%2Fcomments&post=214"}],"wp:featuredmedia":[{"embeddable":true,"href":"https:\/\/eshop.stanicepavlov.cz\/index.php?rest_route=\/wp\/v2\/media\/269"}],"wp:attachment":[{"href":"https:\/\/eshop.stanicepavlov.cz\/index.php?rest_route=%2Fwp%2Fv2%2Fmedia&parent=214"}],"wp:term":[{"taxonomy":"product_brand","embeddable":true,"href":"https:\/\/eshop.stanicepavlov.cz\/index.php?rest_route=%2Fwp%2Fv2%2Fproduct_brand&post=214"},{"taxonomy":"product_cat","embeddable":true,"href":"https:\/\/eshop.stanicepavlov.cz\/index.php?rest_route=%2Fwp%2Fv2%2Fproduct_cat&post=214"},{"taxonomy":"product_tag","embeddable":true,"href":"https:\/\/eshop.stanicepavlov.cz\/index.php?rest_route=%2Fwp%2Fv2%2Fproduct_tag&post=214"}],"curies":[{"name":"wp","href":"https:\/\/api.w.org\/{rel}","templated":true}]}}