{"id":178,"date":"2025-11-12T21:38:51","date_gmt":"2025-11-12T20:38:51","guid":{"rendered":"https:\/\/eshop.stanicepavlov.cz\/?post_type=product&#038;p=178"},"modified":"2025-11-13T12:34:49","modified_gmt":"2025-11-13T11:34:49","slug":"tricko-pro-deti-s-potiskem-liska","status":"publish","type":"product","link":"https:\/\/eshop.stanicepavlov.cz\/?product=tricko-pro-deti-s-potiskem-liska","title":{"rendered":"Tri\u010dko pro d\u011bti s potiskem &#8211; Li\u0161ka"},"content":{"rendered":"<p>Noste veselou vydru a uka\u017ete, \u017ee m\u00e1te srdce na spr\u00e1vn\u00e9m m\u00edst\u011b.<\/p>\n<p>Toto tri\u010dko z p\u0159\u00edjemn\u00e9 100% bavlny v\u00e1m bude d\u011blat radost p\u0159i ka\u017ed\u00e9m no\u0161en\u00ed. T\u00edm nejd\u016fle\u017eit\u011bj\u0161\u00edm je ale jeho p\u0159\u00edb\u011bh \u2013 nen\u00ed tu pro zisk, ale pro pomoc.<\/p>\n<ul>\n<li><b>100% bavlna:<\/b> Pohodln\u00fd a kvalitn\u00ed materi\u00e1l.<\/li>\n<li><b>Origin\u00e1ln\u00ed potisk:<\/b> Vesel\u00fd motiv vydry z na\u0161\u00ed stanice.<\/li>\n<li><b>100% na dobrou v\u011bc:<\/b> Cel\u00fd zisk z prodeje jde zp\u011bt na\u0161\u00ed z\u00e1chrann\u00e9 stanice a pou\u017eije se na p\u00e9\u010di o nemocn\u00e1 a zran\u011bn\u00e1 zv\u00ed\u0159ata.<\/li>\n<\/ul>\n<p>Pohodln\u00e1 a modern\u00ed tri\u010dka. Materi\u00e1l: 100% bavlna. Gram\u00e1\u017e: 150 g\/m2. Prateln\u00e9 na 40 \u00b0C. Trvanliv\u00fd potisk.<br \/>\nTri\u010dka MALFINI spl\u0148uj\u00ed nejp\u0159\u00edsn\u011bj\u0161\u00ed krit\u00e9ria a nesou pe\u010de\u0165 kvality BSCI, WRAP.<br \/>\nVyrobeno ze zdravotn\u011b nez\u00e1vadn\u00fdch materi\u00e1l\u016f s certifikac\u00ed OEKO-TEX STANDARD 100.<\/p>\n","protected":false},"excerpt":{"rendered":"<p>Noste veselou vydru a uka\u017ete, \u017ee m\u00e1te srdce na spr\u00e1vn\u00e9m m\u00edst\u011b. Toto tri\u010dko z p\u0159\u00edjemn\u00e9 100% bavlny v\u00e1m bude d\u011blat radost p\u0159i ka\u017ed\u00e9m no\u0161en\u00ed. T\u00edm nejd\u016fle\u017eit\u011bj\u0161\u00edm je ale jeho p\u0159\u00edb\u011bh \u2013 nen\u00ed tu pro zisk, ale pro pomoc. 100% bavlna: Pohodln\u00fd a kvalitn\u00ed materi\u00e1l. Origin\u00e1ln\u00ed potisk: Vesel\u00fd motiv vydry z na\u0161\u00ed stanice. 100% na dobrou [&hellip;]<\/p>\n","protected":false},"featured_media":270,"comment_status":"open","ping_status":"closed","template":"","meta":[],"product_brand":[],"product_cat":[15],"product_tag":[],"class_list":{"0":"post-178","1":"product","2":"type-product","3":"status-publish","4":"has-post-thumbnail","6":"product_cat-nezarazene","8":"first","9":"instock","10":"shipping-taxable","11":"purchasable","12":"product-type-variable"},"_links":{"self":[{"href":"https:\/\/eshop.stanicepavlov.cz\/index.php?rest_route=\/wp\/v2\/product\/178","targetHints":{"allow":["GET"]}}],"collection":[{"href":"https:\/\/eshop.stanicepavlov.cz\/index.php?rest_route=\/wp\/v2\/product"}],"about":[{"href":"https:\/\/eshop.stanicepavlov.cz\/index.php?rest_route=\/wp\/v2\/types\/product"}],"replies":[{"embeddable":true,"href":"https:\/\/eshop.stanicepavlov.cz\/index.php?rest_route=%2Fwp%2Fv2%2Fcomments&post=178"}],"wp:featuredmedia":[{"embeddable":true,"href":"https:\/\/eshop.stanicepavlov.cz\/index.php?rest_route=\/wp\/v2\/media\/270"}],"wp:attachment":[{"href":"https:\/\/eshop.stanicepavlov.cz\/index.php?rest_route=%2Fwp%2Fv2%2Fmedia&parent=178"}],"wp:term":[{"taxonomy":"product_brand","embeddable":true,"href":"https:\/\/eshop.stanicepavlov.cz\/index.php?rest_route=%2Fwp%2Fv2%2Fproduct_brand&post=178"},{"taxonomy":"product_cat","embeddable":true,"href":"https:\/\/eshop.stanicepavlov.cz\/index.php?rest_route=%2Fwp%2Fv2%2Fproduct_cat&post=178"},{"taxonomy":"product_tag","embeddable":true,"href":"https:\/\/eshop.stanicepavlov.cz\/index.php?rest_route=%2Fwp%2Fv2%2Fproduct_tag&post=178"}],"curies":[{"name":"wp","href":"https:\/\/api.w.org\/{rel}","templated":true}]}}