{"id":10,"date":"2025-10-29T00:26:29","date_gmt":"2025-10-28T23:26:29","guid":{"rendered":"https:\/\/eshop.stanicepavlov.cz\/kosik\/"},"modified":"2025-11-13T08:38:17","modified_gmt":"2025-11-13T07:38:17","slug":"kosik","status":"publish","type":"page","link":"https:\/\/eshop.stanicepavlov.cz\/?page_id=10","title":{"rendered":"Ko\u0161\u00edk"},"content":{"rendered":"\n<div data-block-name=\"woocommerce\/cart\" class=\"wp-block-woocommerce-cart alignwide is-loading\">\n<div data-block-name=\"woocommerce\/filled-cart-block\" class=\"wp-block-woocommerce-filled-cart-block\">\n<div data-block-name=\"woocommerce\/cart-items-block\" class=\"wp-block-woocommerce-cart-items-block\">\n<div data-block-name=\"woocommerce\/cart-line-items-block\" class=\"wp-block-woocommerce-cart-line-items-block\"><\/div>\n\n\n<\/div>\n\n\n\n<div data-block-name=\"woocommerce\/cart-totals-block\" class=\"wp-block-woocommerce-cart-totals-block\">\n<div data-block-name=\"woocommerce\/cart-order-summary-block\" class=\"wp-block-woocommerce-cart-order-summary-block\">\n<div data-block-name=\"woocommerce\/cart-order-summary-heading-block\" data-content=\"Celkem k platb\u011b\" class=\"wp-block-woocommerce-cart-order-summary-heading-block\"><\/div>\n\n\n\n<div data-block-name=\"woocommerce\/cart-order-summary-totals-block\" class=\"wp-block-woocommerce-cart-order-summary-totals-block\">\n<div data-block-name=\"woocommerce\/cart-order-summary-subtotal-block\" class=\"wp-block-woocommerce-cart-order-summary-subtotal-block\"><\/div>\n\n\n\n<div data-block-name=\"woocommerce\/cart-order-summary-fee-block\" class=\"wp-block-woocommerce-cart-order-summary-fee-block\"><\/div>\n\n\n\n<div data-block-name=\"woocommerce\/cart-order-summary-discount-block\" class=\"wp-block-woocommerce-cart-order-summary-discount-block\"><\/div>\n\n\n\n<div data-block-name=\"woocommerce\/cart-order-summary-shipping-block\" class=\"wp-block-woocommerce-cart-order-summary-shipping-block\"><\/div>\n\n\n\n<div data-block-name=\"woocommerce\/cart-order-summary-taxes-block\" class=\"wp-block-woocommerce-cart-order-summary-taxes-block\"><\/div>\n<\/div>\n<\/div>\n\n\n\n<div data-block-name=\"woocommerce\/cart-express-payment-block\" class=\"wp-block-woocommerce-cart-express-payment-block\"><\/div>\n\n\n\n<div data-block-name=\"woocommerce\/proceed-to-checkout-block\" class=\"wp-block-woocommerce-proceed-to-checkout-block\"><\/div>\n\n\n\n<div data-block-name=\"woocommerce\/cart-accepted-payment-methods-block\" class=\"wp-block-woocommerce-cart-accepted-payment-methods-block\"><\/div>\n<\/div>\n<\/div>\n\n\n\n<div data-block-name=\"woocommerce\/empty-cart-block\" class=\"wp-block-woocommerce-empty-cart-block\">\n<h2 class=\"wp-block-heading has-text-align-center with-empty-cart-icon wc-block-cart__empty-cart__title\">V\u00e1\u0161 ko\u0161\u00edk je aktu\u00e1ln\u011b pr\u00e1zdn\u00fd!<\/h2>\n\n\n\n<hr class=\"wp-block-separator has-alpha-channel-opacity is-style-dots\"\/>\n\n\n\n<h2 class=\"wp-block-heading has-text-align-center\">Novinka<\/h2>\n\n\n<div data-block-name=\"woocommerce\/product-new\" data-columns=\"4\" data-rows=\"1\" class=\"wc-block-grid wp-block-product-new wp-block-woocommerce-product-new wc-block-product-new has-4-columns\"><ul class=\"wc-block-grid__products\"><li class=\"wc-block-grid__product\">\n\t\t\t\t<a href=\"https:\/\/eshop.stanicepavlov.cz\/?product=rodinny-planovaci-kalendar-2026-vyprodej\" class=\"wc-block-grid__product-link\">\n\t\t\t\t\t<div class=\"wc-block-grid__product-onsale\">\n\t\t\t<span aria-hidden=\"true\">Sleva<\/span>\n\t\t\t<span class=\"screen-reader-text\">Produkt za ak\u010dn\u00ed cenu<\/span>\n\t\t<\/div>\n\t\t\t\t\t<div class=\"wc-block-grid__product-image\"><img loading=\"lazy\" decoding=\"async\" width=\"450\" height=\"450\" src=\"https:\/\/eshop.stanicepavlov.cz\/wp-content\/uploads\/2025\/11\/19-450x450.png\" class=\"attachment-woocommerce_thumbnail size-woocommerce_thumbnail\" alt=\"Rodinn\u00fd pl\u00e1novac\u00ed kalend\u00e1\u0159 2026 - V\u00ddPRODEJ\" srcset=\"https:\/\/eshop.stanicepavlov.cz\/wp-content\/uploads\/2025\/11\/19-450x450.png 450w, https:\/\/eshop.stanicepavlov.cz\/wp-content\/uploads\/2025\/11\/19-150x150.png 150w, https:\/\/eshop.stanicepavlov.cz\/wp-content\/uploads\/2025\/11\/19-100x100.png 100w\" sizes=\"auto, (max-width: 450px) 100vw, 450px\" \/><\/div>\n\t\t\t\t\t<div class=\"wc-block-grid__product-title\">Rodinn\u00fd pl\u00e1novac\u00ed kalend\u00e1\u0159 2026 &#8211; V\u00ddPRODEJ<\/div>\n\t\t\t\t<\/a>\n\t\t\t\t<div class=\"wc-block-grid__product-price price\"><del aria-hidden=\"true\"><span class=\"woocommerce-Price-amount amount\">350,00&nbsp;<span class=\"woocommerce-Price-currencySymbol\">&#075;&#269;<\/span><\/span><\/del> <span class=\"screen-reader-text\">P\u016fvodn\u00ed cena byla: 350,00&nbsp;&#075;&#269;.<\/span><ins aria-hidden=\"true\"><span class=\"woocommerce-Price-amount amount\">270,00&nbsp;<span class=\"woocommerce-Price-currencySymbol\">&#075;&#269;<\/span><\/span><\/ins><span class=\"screen-reader-text\">Aktu\u00e1ln\u00ed cena je: 270,00&nbsp;&#075;&#269;.<\/span><\/div>\n\t\t\t\t\n\t\t\t\t<div class=\"wp-block-button wc-block-grid__product-add-to-cart\"><a href=\"\/index.php?rest_route=%2Fwp%2Fv2%2Fpages%2F10&#038;add-to-cart=568\" aria-label=\"P\u0159idat do ko\u0161\u00edku: &ldquo;Rodinn\u00fd pl\u00e1novac\u00ed kalend\u00e1\u0159 2026 - V\u00ddPRODEJ&rdquo;\" data-quantity=\"1\" data-product_id=\"568\" data-product_sku=\"\" data-price=\"270\" rel=\"nofollow\" class=\"wp-block-button__link wp-element-button add_to_cart_button ajax_add_to_cart\">P\u0159idat do ko\u0161\u00edku<\/a><\/div>\n\t\t\t<\/li><li class=\"wc-block-grid__product\">\n\t\t\t\t<a href=\"https:\/\/eshop.stanicepavlov.cz\/?product=klicenka\" class=\"wc-block-grid__product-link\">\n\t\t\t\t\t\n\t\t\t\t\t<div class=\"wc-block-grid__product-image\"><img loading=\"lazy\" decoding=\"async\" width=\"450\" height=\"450\" src=\"https:\/\/eshop.stanicepavlov.cz\/wp-content\/uploads\/2025\/11\/79256D98-B25C-4B1E-9046-67E6BFD2F542_1_201_a-450x450.jpeg\" class=\"attachment-woocommerce_thumbnail size-woocommerce_thumbnail\" alt=\"Kl\u00ed\u010denka\" srcset=\"https:\/\/eshop.stanicepavlov.cz\/wp-content\/uploads\/2025\/11\/79256D98-B25C-4B1E-9046-67E6BFD2F542_1_201_a-450x450.jpeg 450w, https:\/\/eshop.stanicepavlov.cz\/wp-content\/uploads\/2025\/11\/79256D98-B25C-4B1E-9046-67E6BFD2F542_1_201_a-150x150.jpeg 150w, https:\/\/eshop.stanicepavlov.cz\/wp-content\/uploads\/2025\/11\/79256D98-B25C-4B1E-9046-67E6BFD2F542_1_201_a-100x100.jpeg 100w\" sizes=\"auto, (max-width: 450px) 100vw, 450px\" \/><\/div>\n\t\t\t\t\t<div class=\"wc-block-grid__product-title\">Kl\u00ed\u010denka<\/div>\n\t\t\t\t<\/a>\n\t\t\t\t<div class=\"wc-block-grid__product-price price\"><span class=\"woocommerce-Price-amount amount\">70,00&nbsp;<span class=\"woocommerce-Price-currencySymbol\">&#075;&#269;<\/span><\/span><\/div>\n\t\t\t\t\n\t\t\t\t<div class=\"wp-block-button wc-block-grid__product-add-to-cart\"><a href=\"https:\/\/eshop.stanicepavlov.cz\/?product=klicenka\" aria-label=\"Vyberte nastaven\u00ed pro &bdquo;Kl\u00ed\u010denka&ldquo;\" data-quantity=\"1\" data-product_id=\"437\" data-product_sku=\"\" data-price=\"70\" rel=\"nofollow\" class=\"wp-block-button__link wp-element-button add_to_cart_button\">V\u00fdb\u011br mo\u017enost\u00ed<\/a><\/div>\n\t\t\t<\/li><li class=\"wc-block-grid__product\">\n\t\t\t\t<a href=\"https:\/\/eshop.stanicepavlov.cz\/?product=hackovane-kulate-kosiky-souprava-3-ks\" class=\"wc-block-grid__product-link\">\n\t\t\t\t\t\n\t\t\t\t\t<div class=\"wc-block-grid__product-image\"><img loading=\"lazy\" decoding=\"async\" width=\"450\" height=\"450\" src=\"https:\/\/eshop.stanicepavlov.cz\/wp-content\/uploads\/2025\/11\/Na\u0301vrh-bez-na\u0301zvu-7-450x450.png\" class=\"attachment-woocommerce_thumbnail size-woocommerce_thumbnail\" alt=\"H\u00e1\u010dkovan\u00e9 kulat\u00e9 ko\u0161\u00edky - souprava 3 ks\" srcset=\"https:\/\/eshop.stanicepavlov.cz\/wp-content\/uploads\/2025\/11\/Na\u0301vrh-bez-na\u0301zvu-7-450x450.png 450w, https:\/\/eshop.stanicepavlov.cz\/wp-content\/uploads\/2025\/11\/Na\u0301vrh-bez-na\u0301zvu-7-150x150.png 150w, https:\/\/eshop.stanicepavlov.cz\/wp-content\/uploads\/2025\/11\/Na\u0301vrh-bez-na\u0301zvu-7-100x100.png 100w\" sizes=\"auto, (max-width: 450px) 100vw, 450px\" \/><\/div>\n\t\t\t\t\t<div class=\"wc-block-grid__product-title\">H\u00e1\u010dkovan\u00e9 kulat\u00e9 ko\u0161\u00edky &#8211; souprava 3 ks<\/div>\n\t\t\t\t<\/a>\n\t\t\t\t<div class=\"wc-block-grid__product-price price\"><span class=\"woocommerce-Price-amount amount\">500,00&nbsp;<span class=\"woocommerce-Price-currencySymbol\">&#075;&#269;<\/span><\/span><\/div>\n\t\t\t\t\n\t\t\t\t<div class=\"wp-block-button wc-block-grid__product-add-to-cart\"><a href=\"\/index.php?rest_route=%2Fwp%2Fv2%2Fpages%2F10&#038;add-to-cart=479\" aria-label=\"P\u0159idat do ko\u0161\u00edku: &ldquo;H\u00e1\u010dkovan\u00e9 kulat\u00e9 ko\u0161\u00edky - souprava 3 ks&rdquo;\" data-quantity=\"1\" data-product_id=\"479\" data-product_sku=\"\" data-price=\"500\" rel=\"nofollow\" class=\"wp-block-button__link wp-element-button add_to_cart_button ajax_add_to_cart\">P\u0159idat do ko\u0161\u00edku<\/a><\/div>\n\t\t\t<\/li><li class=\"wc-block-grid__product\">\n\t\t\t\t<a href=\"https:\/\/eshop.stanicepavlov.cz\/?product=hackovany-kulaty-kosik-4\" class=\"wc-block-grid__product-link\">\n\t\t\t\t\t\n\t\t\t\t\t<div class=\"wc-block-grid__product-image\"><img loading=\"lazy\" decoding=\"async\" width=\"450\" height=\"450\" src=\"https:\/\/eshop.stanicepavlov.cz\/wp-content\/uploads\/2025\/11\/Bez-na\u0301zvu-600-x-800-px-1-450x450.png\" class=\"attachment-woocommerce_thumbnail size-woocommerce_thumbnail\" alt=\"H\u00e1\u010dkovan\u00fd kulat\u00fd ko\u0161\u00edk\" srcset=\"https:\/\/eshop.stanicepavlov.cz\/wp-content\/uploads\/2025\/11\/Bez-na\u0301zvu-600-x-800-px-1-450x450.png 450w, https:\/\/eshop.stanicepavlov.cz\/wp-content\/uploads\/2025\/11\/Bez-na\u0301zvu-600-x-800-px-1-150x150.png 150w, https:\/\/eshop.stanicepavlov.cz\/wp-content\/uploads\/2025\/11\/Bez-na\u0301zvu-600-x-800-px-1-100x100.png 100w\" sizes=\"auto, (max-width: 450px) 100vw, 450px\" \/><\/div>\n\t\t\t\t\t<div class=\"wc-block-grid__product-title\">H\u00e1\u010dkovan\u00fd kulat\u00fd ko\u0161\u00edk<\/div>\n\t\t\t\t<\/a>\n\t\t\t\t<div class=\"wc-block-grid__product-price price\"><span class=\"woocommerce-Price-amount amount\">250,00&nbsp;<span class=\"woocommerce-Price-currencySymbol\">&#075;&#269;<\/span><\/span><\/div>\n\t\t\t\t\n\t\t\t\t<div class=\"wp-block-button wc-block-grid__product-add-to-cart\"><a href=\"\/index.php?rest_route=%2Fwp%2Fv2%2Fpages%2F10&#038;add-to-cart=468\" aria-label=\"P\u0159idat do ko\u0161\u00edku: &ldquo;H\u00e1\u010dkovan\u00fd kulat\u00fd ko\u0161\u00edk&rdquo;\" data-quantity=\"1\" data-product_id=\"468\" data-product_sku=\"\" data-price=\"250\" rel=\"nofollow\" class=\"wp-block-button__link wp-element-button add_to_cart_button ajax_add_to_cart\">P\u0159idat do ko\u0161\u00edku<\/a><\/div>\n\t\t\t<\/li><\/ul><\/div><\/div>\n<\/div>\n","protected":false},"excerpt":{"rendered":"","protected":false},"author":1,"featured_media":0,"parent":0,"menu_order":0,"comment_status":"closed","ping_status":"closed","template":"","meta":{"footnotes":""},"class_list":["post-10","page","type-page","status-publish","hentry"],"_links":{"self":[{"href":"https:\/\/eshop.stanicepavlov.cz\/index.php?rest_route=\/wp\/v2\/pages\/10","targetHints":{"allow":["GET"]}}],"collection":[{"href":"https:\/\/eshop.stanicepavlov.cz\/index.php?rest_route=\/wp\/v2\/pages"}],"about":[{"href":"https:\/\/eshop.stanicepavlov.cz\/index.php?rest_route=\/wp\/v2\/types\/page"}],"author":[{"embeddable":true,"href":"https:\/\/eshop.stanicepavlov.cz\/index.php?rest_route=\/wp\/v2\/users\/1"}],"replies":[{"embeddable":true,"href":"https:\/\/eshop.stanicepavlov.cz\/index.php?rest_route=%2Fwp%2Fv2%2Fcomments&post=10"}],"version-history":[{"count":2,"href":"https:\/\/eshop.stanicepavlov.cz\/index.php?rest_route=\/wp\/v2\/pages\/10\/revisions"}],"predecessor-version":[{"id":89,"href":"https:\/\/eshop.stanicepavlov.cz\/index.php?rest_route=\/wp\/v2\/pages\/10\/revisions\/89"}],"wp:attachment":[{"href":"https:\/\/eshop.stanicepavlov.cz\/index.php?rest_route=%2Fwp%2Fv2%2Fmedia&parent=10"}],"curies":[{"name":"wp","href":"https:\/\/api.w.org\/{rel}","templated":true}]}}